{"id":6214,"date":"2025-06-17T18:03:14","date_gmt":"2025-06-17T18:03:14","guid":{"rendered":"https:\/\/cancoppas.com\/products\/controle-du-compost\/"},"modified":"2026-01-29T17:46:08","modified_gmt":"2026-01-29T17:46:08","slug":"surveillance-du-compost","status":"publish","type":"product","link":"https:\/\/cancoppas.com\/fr\/products\/surveillance-du-compost\/","title":{"rendered":"Surveillance du compost"},"content":{"rendered":"","protected":false},"excerpt":{"rendered":"<p>AYSIX CompostNet est un syst\u00e8me avanc\u00e9 de surveillance de la temp\u00e9rature sans fil con\u00e7u sp\u00e9cifiquement pour les piles \u00e0 compost.<\/p>\n<p>Jusqu \u00e0 six capteurs de temp\u00e9rature peuvent faire partie de la sonde.<\/p>\n<p>Utilisant le protocole sans fil LoRa (Long Range) \u00e0 faible consommation d&rsquo;\u00e9nergie, AYSIX CompostNet assure une communication fiable sur de longues distances et une transmission transparente des donn\u00e9es, m\u00eame dans des environnements difficiles.<\/p>\n<p>Vous avez le choix entre des batteries rempla\u00e7ables, des batteries lithium-ion rechargeables (en utilisant le port USB-A) ou la version solaire \u00e9conomique \u00e0 longue dur\u00e9e de vie.<\/p>\n<p>L&rsquo;option panneau solaire permet aux sondes de fonctionner ind\u00e9finiment sans entretien avec seulement quelques heures d&rsquo;ensoleillement direct par semaine.<\/p>\n<p>&nbsp;<\/p>\n","protected":false},"featured_media":6202,"template":"","meta":{"_acf_changed":false},"product_cat":[297],"product_tag":[],"class_list":{"0":"post-6214","1":"product","2":"type-product","3":"status-publish","4":"has-post-thumbnail","6":"product_cat-temperature-fr","8":"first","9":"instock","10":"shipping-taxable","11":"product-type-simple"},"acf":[],"yoast_head":"<!-- This site is optimized with the Yoast SEO plugin v22.0 - https:\/\/yoast.com\/wordpress\/plugins\/seo\/ -->\n<title>Surveillance du compost - Cancoppas<\/title>\n<meta name=\"description\" content=\"AYSIX CompostNet est un syst\u00e8me avanc\u00e9 de surveillance de la temp\u00e9rature sans fil con\u00e7u sp\u00e9cifiquement pour les tas de compost.\" \/>\n<meta name=\"robots\" content=\"index, follow, max-snippet:-1, max-image-preview:large, max-video-preview:-1\" \/>\n<link rel=\"canonical\" href=\"https:\/\/cancoppas.com\/fr\/products\/surveillance-du-compost\/\" \/>\n<meta property=\"og:locale\" content=\"fr_FR\" \/>\n<meta property=\"og:type\" content=\"article\" \/>\n<meta property=\"og:title\" content=\"Surveillance du compost - Cancoppas\" \/>\n<meta property=\"og:description\" content=\"AYSIX CompostNet est un syst\u00e8me avanc\u00e9 de surveillance de la temp\u00e9rature sans fil con\u00e7u sp\u00e9cifiquement pour les tas de compost.\" \/>\n<meta property=\"og:url\" content=\"https:\/\/cancoppas.com\/fr\/products\/surveillance-du-compost\/\" \/>\n<meta property=\"og:site_name\" content=\"Cancoppas\" \/>\n<meta property=\"article:modified_time\" content=\"2026-01-29T17:46:08+00:00\" \/>\n<meta property=\"og:image\" content=\"https:\/\/cancoppas.com\/wp-content\/uploads\/2025\/06\/ScreenHunter-2355-Jun.-17-12.44.jpg\" \/>\n\t<meta property=\"og:image:width\" content=\"391\" \/>\n\t<meta property=\"og:image:height\" content=\"469\" \/>\n\t<meta property=\"og:image:type\" content=\"image\/jpeg\" \/>\n<meta name=\"twitter:card\" content=\"summary_large_image\" \/>\n<meta name=\"twitter:label1\" content=\"Dur\u00e9e de lecture estim\u00e9e\" \/>\n\t<meta name=\"twitter:data1\" content=\"1 minute\" \/>\n<script type=\"application\/ld+json\" class=\"yoast-schema-graph\">{\"@context\":\"https:\/\/schema.org\",\"@graph\":[{\"@type\":\"WebPage\",\"@id\":\"https:\/\/cancoppas.com\/fr\/products\/surveillance-du-compost\/\",\"url\":\"https:\/\/cancoppas.com\/fr\/products\/surveillance-du-compost\/\",\"name\":\"Surveillance du compost - Cancoppas\",\"isPartOf\":{\"@id\":\"https:\/\/cancoppas.com\/fr\/#website\"},\"datePublished\":\"2025-06-17T18:03:14+00:00\",\"dateModified\":\"2026-01-29T17:46:08+00:00\",\"description\":\"AYSIX CompostNet est un syst\u00e8me avanc\u00e9 de surveillance de la temp\u00e9rature sans fil con\u00e7u sp\u00e9cifiquement pour les tas de compost.\",\"breadcrumb\":{\"@id\":\"https:\/\/cancoppas.com\/fr\/products\/surveillance-du-compost\/#breadcrumb\"},\"inLanguage\":\"fr-FR\",\"potentialAction\":[{\"@type\":\"ReadAction\",\"target\":[\"https:\/\/cancoppas.com\/fr\/products\/surveillance-du-compost\/\"]}]},{\"@type\":\"BreadcrumbList\",\"@id\":\"https:\/\/cancoppas.com\/fr\/products\/surveillance-du-compost\/#breadcrumb\",\"itemListElement\":[{\"@type\":\"ListItem\",\"position\":1,\"name\":\"Home\",\"item\":\"https:\/\/cancoppas.com\/fr\/\"},{\"@type\":\"ListItem\",\"position\":2,\"name\":\"Boutique\",\"item\":\"https:\/\/cancoppas.com\/shop\/\"},{\"@type\":\"ListItem\",\"position\":3,\"name\":\"Surveillance du compost\"}]},{\"@type\":\"WebSite\",\"@id\":\"https:\/\/cancoppas.com\/fr\/#website\",\"url\":\"https:\/\/cancoppas.com\/fr\/\",\"name\":\"Cancoppas\",\"description\":\"Cancoppas Process Solutions\",\"potentialAction\":[{\"@type\":\"SearchAction\",\"target\":{\"@type\":\"EntryPoint\",\"urlTemplate\":\"https:\/\/cancoppas.com\/fr\/?s={search_term_string}\"},\"query-input\":\"required name=search_term_string\"}],\"inLanguage\":\"fr-FR\"}]}<\/script>\n<!-- \/ Yoast SEO plugin. -->","yoast_head_json":{"title":"Surveillance du compost - Cancoppas","description":"AYSIX CompostNet est un syst\u00e8me avanc\u00e9 de surveillance de la temp\u00e9rature sans fil con\u00e7u sp\u00e9cifiquement pour les tas de compost.","robots":{"index":"index","follow":"follow","max-snippet":"max-snippet:-1","max-image-preview":"max-image-preview:large","max-video-preview":"max-video-preview:-1"},"canonical":"https:\/\/cancoppas.com\/fr\/products\/surveillance-du-compost\/","og_locale":"fr_FR","og_type":"article","og_title":"Surveillance du compost - Cancoppas","og_description":"AYSIX CompostNet est un syst\u00e8me avanc\u00e9 de surveillance de la temp\u00e9rature sans fil con\u00e7u sp\u00e9cifiquement pour les tas de compost.","og_url":"https:\/\/cancoppas.com\/fr\/products\/surveillance-du-compost\/","og_site_name":"Cancoppas","article_modified_time":"2026-01-29T17:46:08+00:00","og_image":[{"width":391,"height":469,"url":"https:\/\/cancoppas.com\/wp-content\/uploads\/2025\/06\/ScreenHunter-2355-Jun.-17-12.44.jpg","type":"image\/jpeg"}],"twitter_card":"summary_large_image","twitter_misc":{"Dur\u00e9e de lecture estim\u00e9e":"1 minute"},"schema":{"@context":"https:\/\/schema.org","@graph":[{"@type":"WebPage","@id":"https:\/\/cancoppas.com\/fr\/products\/surveillance-du-compost\/","url":"https:\/\/cancoppas.com\/fr\/products\/surveillance-du-compost\/","name":"Surveillance du compost - Cancoppas","isPartOf":{"@id":"https:\/\/cancoppas.com\/fr\/#website"},"datePublished":"2025-06-17T18:03:14+00:00","dateModified":"2026-01-29T17:46:08+00:00","description":"AYSIX CompostNet est un syst\u00e8me avanc\u00e9 de surveillance de la temp\u00e9rature sans fil con\u00e7u sp\u00e9cifiquement pour les tas de compost.","breadcrumb":{"@id":"https:\/\/cancoppas.com\/fr\/products\/surveillance-du-compost\/#breadcrumb"},"inLanguage":"fr-FR","potentialAction":[{"@type":"ReadAction","target":["https:\/\/cancoppas.com\/fr\/products\/surveillance-du-compost\/"]}]},{"@type":"BreadcrumbList","@id":"https:\/\/cancoppas.com\/fr\/products\/surveillance-du-compost\/#breadcrumb","itemListElement":[{"@type":"ListItem","position":1,"name":"Home","item":"https:\/\/cancoppas.com\/fr\/"},{"@type":"ListItem","position":2,"name":"Boutique","item":"https:\/\/cancoppas.com\/shop\/"},{"@type":"ListItem","position":3,"name":"Surveillance du compost"}]},{"@type":"WebSite","@id":"https:\/\/cancoppas.com\/fr\/#website","url":"https:\/\/cancoppas.com\/fr\/","name":"Cancoppas","description":"Cancoppas Process Solutions","potentialAction":[{"@type":"SearchAction","target":{"@type":"EntryPoint","urlTemplate":"https:\/\/cancoppas.com\/fr\/?s={search_term_string}"},"query-input":"required name=search_term_string"}],"inLanguage":"fr-FR"}]}},"_links":{"self":[{"href":"https:\/\/cancoppas.com\/fr\/wp-json\/wp\/v2\/product\/6214","targetHints":{"allow":["GET"]}}],"collection":[{"href":"https:\/\/cancoppas.com\/fr\/wp-json\/wp\/v2\/product"}],"about":[{"href":"https:\/\/cancoppas.com\/fr\/wp-json\/wp\/v2\/types\/product"}],"wp:featuredmedia":[{"embeddable":true,"href":"https:\/\/cancoppas.com\/fr\/wp-json\/wp\/v2\/media\/6202"}],"wp:attachment":[{"href":"https:\/\/cancoppas.com\/fr\/wp-json\/wp\/v2\/media?parent=6214"}],"wp:term":[{"taxonomy":"product_cat","embeddable":true,"href":"https:\/\/cancoppas.com\/fr\/wp-json\/wp\/v2\/product_cat?post=6214"},{"taxonomy":"product_tag","embeddable":true,"href":"https:\/\/cancoppas.com\/fr\/wp-json\/wp\/v2\/product_tag?post=6214"}],"curies":[{"name":"wp","href":"https:\/\/api.w.org\/{rel}","templated":true}]}}