{"id":5551,"date":"2022-09-21T17:51:31","date_gmt":"2022-09-21T17:51:31","guid":{"rendered":"https:\/\/cancoppas.com\/products\/vortex-2\/"},"modified":"2024-10-24T15:20:48","modified_gmt":"2024-10-24T15:20:48","slug":"vortex-2","status":"publish","type":"product","link":"https:\/\/cancoppas.com\/fr\/products\/vortex-2\/","title":{"rendered":"Vortex"},"content":{"rendered":"","protected":false},"excerpt":{"rendered":"<p>Les Pro-V\u00ae M22 de Vortek Instruments sont id\u00e9aux pour les mesures de d\u00e9bit massique volum\u00e9trique ou compens\u00e9 des gaz les plus courants avec des tailles de conduites de 1\/2 pouce \u00e0 8 pouces (DN25 \u00e0 DN200), des temp\u00e9ratures de -330 \u00e0 750 degr\u00e9s F (-200 \u00e0 400 degr\u00e9s C), et des pressions jusqu&rsquo;\u00e0 la classe ANSI 900.<br \/>\nLes d\u00e9bitm\u00e8tres multivariables utilisent trois \u00e9l\u00e9ments de d\u00e9tection primaires &#8211; un capteur de vitesse \u00e0 d\u00e9filement de vortex, un capteur de temp\u00e9rature RTD et un transducteur de pression \u00e0 semi-conducteurs &#8211; pour mesurer le d\u00e9bit massique des gaz, des liquides et de la vapeur.<\/p>\n","protected":false},"featured_media":4611,"template":"","meta":{"_acf_changed":false},"product_cat":[259,269],"product_tag":[],"class_list":{"0":"post-5551","1":"product","2":"type-product","3":"status-publish","4":"has-post-thumbnail","6":"product_cat-debit","7":"product_cat-vortex-fr","9":"first","10":"instock","11":"shipping-taxable","12":"product-type-simple"},"acf":[],"yoast_head":"<!-- This site is optimized with the Yoast SEO plugin v22.0 - https:\/\/yoast.com\/wordpress\/plugins\/seo\/ -->\n<title>Vortex - Cancoppas<\/title>\n<meta name=\"description\" content=\"Les d\u00e9bitm\u00e8tres multivariables Pro-V\u00ae M22 de Vortek Instruments utilisent un capteur de vitesse \u00e0 d\u00e9filement de vortex, un RTD et un capteur de pression \u00e0 semi-conducteurs pour mesurer le d\u00e9bit massique.\" \/>\n<meta name=\"robots\" content=\"index, follow, max-snippet:-1, max-image-preview:large, max-video-preview:-1\" \/>\n<link rel=\"canonical\" href=\"https:\/\/cancoppas.com\/fr\/products\/vortex-2\/\" \/>\n<meta property=\"og:locale\" content=\"fr_FR\" \/>\n<meta property=\"og:type\" content=\"article\" \/>\n<meta property=\"og:title\" content=\"Vortex - Cancoppas\" \/>\n<meta property=\"og:description\" content=\"Les d\u00e9bitm\u00e8tres multivariables Pro-V\u00ae M22 de Vortek Instruments utilisent un capteur de vitesse \u00e0 d\u00e9filement de vortex, un RTD et un capteur de pression \u00e0 semi-conducteurs pour mesurer le d\u00e9bit massique.\" \/>\n<meta property=\"og:url\" content=\"https:\/\/cancoppas.com\/fr\/products\/vortex-2\/\" \/>\n<meta property=\"og:site_name\" content=\"Cancoppas\" \/>\n<meta property=\"article:modified_time\" content=\"2024-10-24T15:20:48+00:00\" \/>\n<meta property=\"og:image\" content=\"https:\/\/cancoppas.com\/wp-content\/uploads\/2022\/09\/CAN_m22.jpg\" \/>\n\t<meta property=\"og:image:width\" content=\"1396\" \/>\n\t<meta property=\"og:image:height\" content=\"2048\" \/>\n\t<meta property=\"og:image:type\" content=\"image\/jpeg\" \/>\n<meta name=\"twitter:card\" content=\"summary_large_image\" \/>\n<meta name=\"twitter:label1\" content=\"Dur\u00e9e de lecture estim\u00e9e\" \/>\n\t<meta name=\"twitter:data1\" content=\"1 minute\" \/>\n<script type=\"application\/ld+json\" class=\"yoast-schema-graph\">{\"@context\":\"https:\/\/schema.org\",\"@graph\":[{\"@type\":\"WebPage\",\"@id\":\"https:\/\/cancoppas.com\/fr\/products\/vortex-2\/\",\"url\":\"https:\/\/cancoppas.com\/fr\/products\/vortex-2\/\",\"name\":\"Vortex - Cancoppas\",\"isPartOf\":{\"@id\":\"https:\/\/cancoppas.com\/fr\/#website\"},\"datePublished\":\"2022-09-21T17:51:31+00:00\",\"dateModified\":\"2024-10-24T15:20:48+00:00\",\"description\":\"Les d\u00e9bitm\u00e8tres multivariables Pro-V\u00ae M22 de Vortek Instruments utilisent un capteur de vitesse \u00e0 d\u00e9filement de vortex, un RTD et un capteur de pression \u00e0 semi-conducteurs pour mesurer le d\u00e9bit massique.\",\"breadcrumb\":{\"@id\":\"https:\/\/cancoppas.com\/fr\/products\/vortex-2\/#breadcrumb\"},\"inLanguage\":\"fr-FR\",\"potentialAction\":[{\"@type\":\"ReadAction\",\"target\":[\"https:\/\/cancoppas.com\/fr\/products\/vortex-2\/\"]}]},{\"@type\":\"BreadcrumbList\",\"@id\":\"https:\/\/cancoppas.com\/fr\/products\/vortex-2\/#breadcrumb\",\"itemListElement\":[{\"@type\":\"ListItem\",\"position\":1,\"name\":\"Home\",\"item\":\"https:\/\/cancoppas.com\/fr\/\"},{\"@type\":\"ListItem\",\"position\":2,\"name\":\"Boutique\",\"item\":\"https:\/\/cancoppas.com\/shop\/\"},{\"@type\":\"ListItem\",\"position\":3,\"name\":\"Vortex\"}]},{\"@type\":\"WebSite\",\"@id\":\"https:\/\/cancoppas.com\/fr\/#website\",\"url\":\"https:\/\/cancoppas.com\/fr\/\",\"name\":\"Cancoppas\",\"description\":\"Cancoppas Process Solutions\",\"potentialAction\":[{\"@type\":\"SearchAction\",\"target\":{\"@type\":\"EntryPoint\",\"urlTemplate\":\"https:\/\/cancoppas.com\/fr\/?s={search_term_string}\"},\"query-input\":\"required name=search_term_string\"}],\"inLanguage\":\"fr-FR\"}]}<\/script>\n<!-- \/ Yoast SEO plugin. -->","yoast_head_json":{"title":"Vortex - Cancoppas","description":"Les d\u00e9bitm\u00e8tres multivariables Pro-V\u00ae M22 de Vortek Instruments utilisent un capteur de vitesse \u00e0 d\u00e9filement de vortex, un RTD et un capteur de pression \u00e0 semi-conducteurs pour mesurer le d\u00e9bit massique.","robots":{"index":"index","follow":"follow","max-snippet":"max-snippet:-1","max-image-preview":"max-image-preview:large","max-video-preview":"max-video-preview:-1"},"canonical":"https:\/\/cancoppas.com\/fr\/products\/vortex-2\/","og_locale":"fr_FR","og_type":"article","og_title":"Vortex - Cancoppas","og_description":"Les d\u00e9bitm\u00e8tres multivariables Pro-V\u00ae M22 de Vortek Instruments utilisent un capteur de vitesse \u00e0 d\u00e9filement de vortex, un RTD et un capteur de pression \u00e0 semi-conducteurs pour mesurer le d\u00e9bit massique.","og_url":"https:\/\/cancoppas.com\/fr\/products\/vortex-2\/","og_site_name":"Cancoppas","article_modified_time":"2024-10-24T15:20:48+00:00","og_image":[{"width":1396,"height":2048,"url":"https:\/\/cancoppas.com\/wp-content\/uploads\/2022\/09\/CAN_m22.jpg","type":"image\/jpeg"}],"twitter_card":"summary_large_image","twitter_misc":{"Dur\u00e9e de lecture estim\u00e9e":"1 minute"},"schema":{"@context":"https:\/\/schema.org","@graph":[{"@type":"WebPage","@id":"https:\/\/cancoppas.com\/fr\/products\/vortex-2\/","url":"https:\/\/cancoppas.com\/fr\/products\/vortex-2\/","name":"Vortex - Cancoppas","isPartOf":{"@id":"https:\/\/cancoppas.com\/fr\/#website"},"datePublished":"2022-09-21T17:51:31+00:00","dateModified":"2024-10-24T15:20:48+00:00","description":"Les d\u00e9bitm\u00e8tres multivariables Pro-V\u00ae M22 de Vortek Instruments utilisent un capteur de vitesse \u00e0 d\u00e9filement de vortex, un RTD et un capteur de pression \u00e0 semi-conducteurs pour mesurer le d\u00e9bit massique.","breadcrumb":{"@id":"https:\/\/cancoppas.com\/fr\/products\/vortex-2\/#breadcrumb"},"inLanguage":"fr-FR","potentialAction":[{"@type":"ReadAction","target":["https:\/\/cancoppas.com\/fr\/products\/vortex-2\/"]}]},{"@type":"BreadcrumbList","@id":"https:\/\/cancoppas.com\/fr\/products\/vortex-2\/#breadcrumb","itemListElement":[{"@type":"ListItem","position":1,"name":"Home","item":"https:\/\/cancoppas.com\/fr\/"},{"@type":"ListItem","position":2,"name":"Boutique","item":"https:\/\/cancoppas.com\/shop\/"},{"@type":"ListItem","position":3,"name":"Vortex"}]},{"@type":"WebSite","@id":"https:\/\/cancoppas.com\/fr\/#website","url":"https:\/\/cancoppas.com\/fr\/","name":"Cancoppas","description":"Cancoppas Process Solutions","potentialAction":[{"@type":"SearchAction","target":{"@type":"EntryPoint","urlTemplate":"https:\/\/cancoppas.com\/fr\/?s={search_term_string}"},"query-input":"required name=search_term_string"}],"inLanguage":"fr-FR"}]}},"_links":{"self":[{"href":"https:\/\/cancoppas.com\/fr\/wp-json\/wp\/v2\/product\/5551","targetHints":{"allow":["GET"]}}],"collection":[{"href":"https:\/\/cancoppas.com\/fr\/wp-json\/wp\/v2\/product"}],"about":[{"href":"https:\/\/cancoppas.com\/fr\/wp-json\/wp\/v2\/types\/product"}],"wp:featuredmedia":[{"embeddable":true,"href":"https:\/\/cancoppas.com\/fr\/wp-json\/wp\/v2\/media\/4611"}],"wp:attachment":[{"href":"https:\/\/cancoppas.com\/fr\/wp-json\/wp\/v2\/media?parent=5551"}],"wp:term":[{"taxonomy":"product_cat","embeddable":true,"href":"https:\/\/cancoppas.com\/fr\/wp-json\/wp\/v2\/product_cat?post=5551"},{"taxonomy":"product_tag","embeddable":true,"href":"https:\/\/cancoppas.com\/fr\/wp-json\/wp\/v2\/product_tag?post=5551"}],"curies":[{"name":"wp","href":"https:\/\/api.w.org\/{rel}","templated":true}]}}