{"id":5525,"date":"2022-09-21T18:05:27","date_gmt":"2022-09-21T18:05:27","guid":{"rendered":"https:\/\/cancoppas.com\/products\/insertion-roue-a-palettes\/"},"modified":"2024-10-28T18:05:49","modified_gmt":"2024-10-28T18:05:49","slug":"insertion-roue-a-palettes","status":"publish","type":"product","link":"https:\/\/cancoppas.com\/fr\/products\/insertion-roue-a-palettes\/","title":{"rendered":"Insertion Roue \u00e0 palettes"},"content":{"rendered":"<p>&nbsp;<\/p>\n<p>&nbsp;<\/p>\n","protected":false},"excerpt":{"rendered":"<p>Le capteur de d\u00e9bit \u00e0 roue \u00e0 palettes \u00e0 insertion Dualpulse de Trimec, est un moyen \u00e9conomique de mesurer avec pr\u00e9cision le d\u00e9bit d&rsquo;eau, de liquides similaires \u00e0 l&rsquo;eau ou d&rsquo;une grande vari\u00e9t\u00e9 de liquides \u00e0 faible viscosit\u00e9 dans des conduites de grand diam\u00e8tre compl\u00e8tement remplies. Le capteur est ins\u00e9r\u00e9 dans la tuyauterie du proc\u00e9d\u00e9 par l&rsquo;interm\u00e9diaire d&rsquo;un raccord appropri\u00e9. L&rsquo;\u00e9coulement du liquide dans la conduite entra\u00eene la rotation de la roue \u00e0 palettes qui y est fix\u00e9e. La vitesse de rotation de la roue \u00e0 palettes est proportionnelle \u00e0 la vitesse d&rsquo;\u00e9coulement, et donc au d\u00e9bit dans la canalisation. Les d\u00e9bitm\u00e8tres \u00e0 insertion sont install\u00e9s avec la t\u00eate de mesure au 1\/8e de la conduite, ce qui entra\u00eene une tr\u00e8s faible perte de charge.<\/p>\n","protected":false},"featured_media":4600,"template":"","meta":{"_acf_changed":false},"product_cat":[259,264],"product_tag":[],"class_list":{"0":"post-5525","1":"product","2":"type-product","3":"status-publish","4":"has-post-thumbnail","6":"product_cat-debit","7":"product_cat-roue-a-aubes","9":"first","10":"instock","11":"shipping-taxable","12":"product-type-simple"},"acf":[],"yoast_head":"<!-- This site is optimized with the Yoast SEO plugin v22.0 - https:\/\/yoast.com\/wordpress\/plugins\/seo\/ -->\n<title>Insertion Roue \u00e0 palettes - Cancoppas<\/title>\n<meta name=\"description\" content=\"un moyen \u00e9conomique de mesurer avec pr\u00e9cision le d\u00e9bit d&#039;eau, de liquides similaires \u00e0 l&#039;eau ou d&#039;une grande vari\u00e9t\u00e9 de liquides \u00e0 faible viscosit\u00e9 dans des conduites compl\u00e8tement remplies.\" \/>\n<meta name=\"robots\" content=\"index, follow, max-snippet:-1, max-image-preview:large, max-video-preview:-1\" \/>\n<link rel=\"canonical\" href=\"https:\/\/cancoppas.com\/fr\/products\/insertion-roue-a-palettes\/\" \/>\n<meta property=\"og:locale\" content=\"fr_FR\" \/>\n<meta property=\"og:type\" content=\"article\" \/>\n<meta property=\"og:title\" content=\"Insertion Roue \u00e0 palettes - Cancoppas\" \/>\n<meta property=\"og:description\" content=\"un moyen \u00e9conomique de mesurer avec pr\u00e9cision le d\u00e9bit d&#039;eau, de liquides similaires \u00e0 l&#039;eau ou d&#039;une grande vari\u00e9t\u00e9 de liquides \u00e0 faible viscosit\u00e9 dans des conduites compl\u00e8tement remplies.\" \/>\n<meta property=\"og:url\" content=\"https:\/\/cancoppas.com\/fr\/products\/insertion-roue-a-palettes\/\" \/>\n<meta property=\"og:site_name\" content=\"Cancoppas\" \/>\n<meta property=\"article:modified_time\" content=\"2024-10-28T18:05:49+00:00\" \/>\n<meta property=\"og:image\" content=\"https:\/\/cancoppas.com\/wp-content\/uploads\/2022\/09\/CAN_IF500-Insertion-Meter-.jpg\" \/>\n\t<meta property=\"og:image:width\" content=\"406\" \/>\n\t<meta property=\"og:image:height\" content=\"279\" \/>\n\t<meta property=\"og:image:type\" content=\"image\/jpeg\" \/>\n<meta name=\"twitter:card\" content=\"summary_large_image\" \/>\n<meta name=\"twitter:label1\" content=\"Dur\u00e9e de lecture estim\u00e9e\" \/>\n\t<meta name=\"twitter:data1\" content=\"1 minute\" \/>\n<script type=\"application\/ld+json\" class=\"yoast-schema-graph\">{\"@context\":\"https:\/\/schema.org\",\"@graph\":[{\"@type\":\"WebPage\",\"@id\":\"https:\/\/cancoppas.com\/fr\/products\/insertion-roue-a-palettes\/\",\"url\":\"https:\/\/cancoppas.com\/fr\/products\/insertion-roue-a-palettes\/\",\"name\":\"Insertion Roue \u00e0 palettes - Cancoppas\",\"isPartOf\":{\"@id\":\"https:\/\/cancoppas.com\/fr\/#website\"},\"datePublished\":\"2022-09-21T18:05:27+00:00\",\"dateModified\":\"2024-10-28T18:05:49+00:00\",\"description\":\"un moyen \u00e9conomique de mesurer avec pr\u00e9cision le d\u00e9bit d'eau, de liquides similaires \u00e0 l'eau ou d'une grande vari\u00e9t\u00e9 de liquides \u00e0 faible viscosit\u00e9 dans des conduites compl\u00e8tement remplies.\",\"breadcrumb\":{\"@id\":\"https:\/\/cancoppas.com\/fr\/products\/insertion-roue-a-palettes\/#breadcrumb\"},\"inLanguage\":\"fr-FR\",\"potentialAction\":[{\"@type\":\"ReadAction\",\"target\":[\"https:\/\/cancoppas.com\/fr\/products\/insertion-roue-a-palettes\/\"]}]},{\"@type\":\"BreadcrumbList\",\"@id\":\"https:\/\/cancoppas.com\/fr\/products\/insertion-roue-a-palettes\/#breadcrumb\",\"itemListElement\":[{\"@type\":\"ListItem\",\"position\":1,\"name\":\"Home\",\"item\":\"https:\/\/cancoppas.com\/fr\/\"},{\"@type\":\"ListItem\",\"position\":2,\"name\":\"Boutique\",\"item\":\"https:\/\/cancoppas.com\/shop\/\"},{\"@type\":\"ListItem\",\"position\":3,\"name\":\"Insertion Roue \u00e0 palettes\"}]},{\"@type\":\"WebSite\",\"@id\":\"https:\/\/cancoppas.com\/fr\/#website\",\"url\":\"https:\/\/cancoppas.com\/fr\/\",\"name\":\"Cancoppas\",\"description\":\"Cancoppas Process Solutions\",\"potentialAction\":[{\"@type\":\"SearchAction\",\"target\":{\"@type\":\"EntryPoint\",\"urlTemplate\":\"https:\/\/cancoppas.com\/fr\/?s={search_term_string}\"},\"query-input\":\"required name=search_term_string\"}],\"inLanguage\":\"fr-FR\"}]}<\/script>\n<!-- \/ Yoast SEO plugin. -->","yoast_head_json":{"title":"Insertion Roue \u00e0 palettes - Cancoppas","description":"un moyen \u00e9conomique de mesurer avec pr\u00e9cision le d\u00e9bit d'eau, de liquides similaires \u00e0 l'eau ou d'une grande vari\u00e9t\u00e9 de liquides \u00e0 faible viscosit\u00e9 dans des conduites compl\u00e8tement remplies.","robots":{"index":"index","follow":"follow","max-snippet":"max-snippet:-1","max-image-preview":"max-image-preview:large","max-video-preview":"max-video-preview:-1"},"canonical":"https:\/\/cancoppas.com\/fr\/products\/insertion-roue-a-palettes\/","og_locale":"fr_FR","og_type":"article","og_title":"Insertion Roue \u00e0 palettes - Cancoppas","og_description":"un moyen \u00e9conomique de mesurer avec pr\u00e9cision le d\u00e9bit d'eau, de liquides similaires \u00e0 l'eau ou d'une grande vari\u00e9t\u00e9 de liquides \u00e0 faible viscosit\u00e9 dans des conduites compl\u00e8tement remplies.","og_url":"https:\/\/cancoppas.com\/fr\/products\/insertion-roue-a-palettes\/","og_site_name":"Cancoppas","article_modified_time":"2024-10-28T18:05:49+00:00","og_image":[{"width":406,"height":279,"url":"https:\/\/cancoppas.com\/wp-content\/uploads\/2022\/09\/CAN_IF500-Insertion-Meter-.jpg","type":"image\/jpeg"}],"twitter_card":"summary_large_image","twitter_misc":{"Dur\u00e9e de lecture estim\u00e9e":"1 minute"},"schema":{"@context":"https:\/\/schema.org","@graph":[{"@type":"WebPage","@id":"https:\/\/cancoppas.com\/fr\/products\/insertion-roue-a-palettes\/","url":"https:\/\/cancoppas.com\/fr\/products\/insertion-roue-a-palettes\/","name":"Insertion Roue \u00e0 palettes - Cancoppas","isPartOf":{"@id":"https:\/\/cancoppas.com\/fr\/#website"},"datePublished":"2022-09-21T18:05:27+00:00","dateModified":"2024-10-28T18:05:49+00:00","description":"un moyen \u00e9conomique de mesurer avec pr\u00e9cision le d\u00e9bit d'eau, de liquides similaires \u00e0 l'eau ou d'une grande vari\u00e9t\u00e9 de liquides \u00e0 faible viscosit\u00e9 dans des conduites compl\u00e8tement remplies.","breadcrumb":{"@id":"https:\/\/cancoppas.com\/fr\/products\/insertion-roue-a-palettes\/#breadcrumb"},"inLanguage":"fr-FR","potentialAction":[{"@type":"ReadAction","target":["https:\/\/cancoppas.com\/fr\/products\/insertion-roue-a-palettes\/"]}]},{"@type":"BreadcrumbList","@id":"https:\/\/cancoppas.com\/fr\/products\/insertion-roue-a-palettes\/#breadcrumb","itemListElement":[{"@type":"ListItem","position":1,"name":"Home","item":"https:\/\/cancoppas.com\/fr\/"},{"@type":"ListItem","position":2,"name":"Boutique","item":"https:\/\/cancoppas.com\/shop\/"},{"@type":"ListItem","position":3,"name":"Insertion Roue \u00e0 palettes"}]},{"@type":"WebSite","@id":"https:\/\/cancoppas.com\/fr\/#website","url":"https:\/\/cancoppas.com\/fr\/","name":"Cancoppas","description":"Cancoppas Process Solutions","potentialAction":[{"@type":"SearchAction","target":{"@type":"EntryPoint","urlTemplate":"https:\/\/cancoppas.com\/fr\/?s={search_term_string}"},"query-input":"required name=search_term_string"}],"inLanguage":"fr-FR"}]}},"_links":{"self":[{"href":"https:\/\/cancoppas.com\/fr\/wp-json\/wp\/v2\/product\/5525","targetHints":{"allow":["GET"]}}],"collection":[{"href":"https:\/\/cancoppas.com\/fr\/wp-json\/wp\/v2\/product"}],"about":[{"href":"https:\/\/cancoppas.com\/fr\/wp-json\/wp\/v2\/types\/product"}],"wp:featuredmedia":[{"embeddable":true,"href":"https:\/\/cancoppas.com\/fr\/wp-json\/wp\/v2\/media\/4600"}],"wp:attachment":[{"href":"https:\/\/cancoppas.com\/fr\/wp-json\/wp\/v2\/media?parent=5525"}],"wp:term":[{"taxonomy":"product_cat","embeddable":true,"href":"https:\/\/cancoppas.com\/fr\/wp-json\/wp\/v2\/product_cat?post=5525"},{"taxonomy":"product_tag","embeddable":true,"href":"https:\/\/cancoppas.com\/fr\/wp-json\/wp\/v2\/product_tag?post=5525"}],"curies":[{"name":"wp","href":"https:\/\/api.w.org\/{rel}","templated":true}]}}