{"id":5492,"date":"2022-09-20T23:46:33","date_gmt":"2022-09-20T23:46:33","guid":{"rendered":"https:\/\/cancoppas.com\/products\/barriere-de-securite-intrinseque\/"},"modified":"2024-10-28T18:41:01","modified_gmt":"2024-10-28T18:41:01","slug":"barriere-de-securite-intrinseque","status":"publish","type":"product","link":"https:\/\/cancoppas.com\/fr\/products\/barriere-de-securite-intrinseque\/","title":{"rendered":"Barri\u00e8re de s\u00e9curit\u00e9 intrins\u00e8que"},"content":{"rendered":"","protected":false},"excerpt":{"rendered":"<p><b>Cette barri\u00e8re de s\u00e9curit\u00e9 intrins\u00e8que \u00e0 isolation galvanique<\/b> est le compl\u00e9ment parfait des encodeurs BEI pour les environnements dangereux. Elle est \u00e9lectriquement compatible avec tous les compteurs, automates et contr\u00f4leurs courants, et elle offre une isolation pour l&rsquo;alimentation et les trois canaux de signaux, ainsi que des indicateurs LED pour l&rsquo;alimentation et les donn\u00e9es &#8211; le tout dans un seul bo\u00eetier pour rail DIN.<\/p>\n<p>La barri\u00e8re BEI est conforme aux normes CENELEC, UL et cUL et convient aux longs parcours de c\u00e2bles. Comme elle porte \u00e9galement une d\u00e9signation non incendiaire conform\u00e9ment au Code national de l&rsquo;\u00e9lectricit\u00e9, elle peut \u00eatre mont\u00e9e dans les zones de classe I, division 2.<\/p>\n<p>Cette interface permet de connecter un encodeur BEI Sensors Intrinsically Safe d&rsquo;une zone dangereuse o\u00f9 des gaz explosifs peuvent exister, \u00e0 une zone s\u00fbre o\u00f9 se trouvent habituellement un contr\u00f4leur et d&rsquo;autres \u00e9quipements \u00e9lectriques.<br \/>\nElle accepte une entr\u00e9e de 5 volts de l&rsquo;encodeur et est aliment\u00e9e par une tension de 5 \u00e0 28 volts et fournit une sortie r\u00e9gul\u00e9e de 5 volts dans la zone s\u00fbre.<\/p>\n","protected":false},"featured_media":4839,"template":"","meta":{"_acf_changed":false},"product_cat":[248,247],"product_tag":[],"class_list":{"0":"post-5492","1":"product","2":"type-product","3":"status-publish","4":"has-post-thumbnail","6":"product_cat-barrieres-et-isolateurs","7":"product_cat-encodeurs-controles-et-affichages","9":"first","10":"instock","11":"shipping-taxable","12":"product-type-simple"},"acf":[],"yoast_head":"<!-- This site is optimized with the Yoast SEO plugin v22.0 - https:\/\/yoast.com\/wordpress\/plugins\/seo\/ -->\n<title>Barri\u00e8re de s\u00e9curit\u00e9 intrins\u00e8que - Cancoppas<\/title>\n<meta name=\"description\" content=\"Cette interface permet de connecter un codeur BEI Sensors \u00e0 s\u00e9curit\u00e9 intrins\u00e8que d&#039;une zone dangereuse o\u00f9 des gaz explosifs peuvent exister, \u00e0 une zone s\u00fbre.\" \/>\n<meta name=\"robots\" content=\"index, follow, max-snippet:-1, max-image-preview:large, max-video-preview:-1\" \/>\n<link rel=\"canonical\" href=\"https:\/\/cancoppas.com\/fr\/products\/barriere-de-securite-intrinseque\/\" \/>\n<meta property=\"og:locale\" content=\"fr_FR\" \/>\n<meta property=\"og:type\" content=\"article\" \/>\n<meta property=\"og:title\" content=\"Barri\u00e8re de s\u00e9curit\u00e9 intrins\u00e8que - Cancoppas\" \/>\n<meta property=\"og:description\" content=\"Cette interface permet de connecter un codeur BEI Sensors \u00e0 s\u00e9curit\u00e9 intrins\u00e8que d&#039;une zone dangereuse o\u00f9 des gaz explosifs peuvent exister, \u00e0 une zone s\u00fbre.\" \/>\n<meta property=\"og:url\" content=\"https:\/\/cancoppas.com\/fr\/products\/barriere-de-securite-intrinseque\/\" \/>\n<meta property=\"og:site_name\" content=\"Cancoppas\" \/>\n<meta property=\"article:modified_time\" content=\"2024-10-28T18:41:01+00:00\" \/>\n<meta property=\"og:image\" content=\"https:\/\/cancoppas.com\/wp-content\/uploads\/2022\/09\/sensata-intrinsic-safety-barrier-encoder-acessory-image.jpg\" \/>\n\t<meta property=\"og:image:width\" content=\"617\" \/>\n\t<meta property=\"og:image:height\" content=\"678\" \/>\n\t<meta property=\"og:image:type\" content=\"image\/jpeg\" \/>\n<meta name=\"twitter:card\" content=\"summary_large_image\" \/>\n<meta name=\"twitter:label1\" content=\"Dur\u00e9e de lecture estim\u00e9e\" \/>\n\t<meta name=\"twitter:data1\" content=\"1 minute\" \/>\n<script type=\"application\/ld+json\" class=\"yoast-schema-graph\">{\"@context\":\"https:\/\/schema.org\",\"@graph\":[{\"@type\":\"WebPage\",\"@id\":\"https:\/\/cancoppas.com\/fr\/products\/barriere-de-securite-intrinseque\/\",\"url\":\"https:\/\/cancoppas.com\/fr\/products\/barriere-de-securite-intrinseque\/\",\"name\":\"Barri\u00e8re de s\u00e9curit\u00e9 intrins\u00e8que - Cancoppas\",\"isPartOf\":{\"@id\":\"https:\/\/cancoppas.com\/fr\/#website\"},\"datePublished\":\"2022-09-20T23:46:33+00:00\",\"dateModified\":\"2024-10-28T18:41:01+00:00\",\"description\":\"Cette interface permet de connecter un codeur BEI Sensors \u00e0 s\u00e9curit\u00e9 intrins\u00e8que d'une zone dangereuse o\u00f9 des gaz explosifs peuvent exister, \u00e0 une zone s\u00fbre.\",\"breadcrumb\":{\"@id\":\"https:\/\/cancoppas.com\/fr\/products\/barriere-de-securite-intrinseque\/#breadcrumb\"},\"inLanguage\":\"fr-FR\",\"potentialAction\":[{\"@type\":\"ReadAction\",\"target\":[\"https:\/\/cancoppas.com\/fr\/products\/barriere-de-securite-intrinseque\/\"]}]},{\"@type\":\"BreadcrumbList\",\"@id\":\"https:\/\/cancoppas.com\/fr\/products\/barriere-de-securite-intrinseque\/#breadcrumb\",\"itemListElement\":[{\"@type\":\"ListItem\",\"position\":1,\"name\":\"Home\",\"item\":\"https:\/\/cancoppas.com\/fr\/\"},{\"@type\":\"ListItem\",\"position\":2,\"name\":\"Boutique\",\"item\":\"https:\/\/cancoppas.com\/shop\/\"},{\"@type\":\"ListItem\",\"position\":3,\"name\":\"Barri\u00e8re de s\u00e9curit\u00e9 intrins\u00e8que\"}]},{\"@type\":\"WebSite\",\"@id\":\"https:\/\/cancoppas.com\/fr\/#website\",\"url\":\"https:\/\/cancoppas.com\/fr\/\",\"name\":\"Cancoppas\",\"description\":\"Cancoppas Process Solutions\",\"potentialAction\":[{\"@type\":\"SearchAction\",\"target\":{\"@type\":\"EntryPoint\",\"urlTemplate\":\"https:\/\/cancoppas.com\/fr\/?s={search_term_string}\"},\"query-input\":\"required name=search_term_string\"}],\"inLanguage\":\"fr-FR\"}]}<\/script>\n<!-- \/ Yoast SEO plugin. -->","yoast_head_json":{"title":"Barri\u00e8re de s\u00e9curit\u00e9 intrins\u00e8que - Cancoppas","description":"Cette interface permet de connecter un codeur BEI Sensors \u00e0 s\u00e9curit\u00e9 intrins\u00e8que d'une zone dangereuse o\u00f9 des gaz explosifs peuvent exister, \u00e0 une zone s\u00fbre.","robots":{"index":"index","follow":"follow","max-snippet":"max-snippet:-1","max-image-preview":"max-image-preview:large","max-video-preview":"max-video-preview:-1"},"canonical":"https:\/\/cancoppas.com\/fr\/products\/barriere-de-securite-intrinseque\/","og_locale":"fr_FR","og_type":"article","og_title":"Barri\u00e8re de s\u00e9curit\u00e9 intrins\u00e8que - Cancoppas","og_description":"Cette interface permet de connecter un codeur BEI Sensors \u00e0 s\u00e9curit\u00e9 intrins\u00e8que d'une zone dangereuse o\u00f9 des gaz explosifs peuvent exister, \u00e0 une zone s\u00fbre.","og_url":"https:\/\/cancoppas.com\/fr\/products\/barriere-de-securite-intrinseque\/","og_site_name":"Cancoppas","article_modified_time":"2024-10-28T18:41:01+00:00","og_image":[{"width":617,"height":678,"url":"https:\/\/cancoppas.com\/wp-content\/uploads\/2022\/09\/sensata-intrinsic-safety-barrier-encoder-acessory-image.jpg","type":"image\/jpeg"}],"twitter_card":"summary_large_image","twitter_misc":{"Dur\u00e9e de lecture estim\u00e9e":"1 minute"},"schema":{"@context":"https:\/\/schema.org","@graph":[{"@type":"WebPage","@id":"https:\/\/cancoppas.com\/fr\/products\/barriere-de-securite-intrinseque\/","url":"https:\/\/cancoppas.com\/fr\/products\/barriere-de-securite-intrinseque\/","name":"Barri\u00e8re de s\u00e9curit\u00e9 intrins\u00e8que - Cancoppas","isPartOf":{"@id":"https:\/\/cancoppas.com\/fr\/#website"},"datePublished":"2022-09-20T23:46:33+00:00","dateModified":"2024-10-28T18:41:01+00:00","description":"Cette interface permet de connecter un codeur BEI Sensors \u00e0 s\u00e9curit\u00e9 intrins\u00e8que d'une zone dangereuse o\u00f9 des gaz explosifs peuvent exister, \u00e0 une zone s\u00fbre.","breadcrumb":{"@id":"https:\/\/cancoppas.com\/fr\/products\/barriere-de-securite-intrinseque\/#breadcrumb"},"inLanguage":"fr-FR","potentialAction":[{"@type":"ReadAction","target":["https:\/\/cancoppas.com\/fr\/products\/barriere-de-securite-intrinseque\/"]}]},{"@type":"BreadcrumbList","@id":"https:\/\/cancoppas.com\/fr\/products\/barriere-de-securite-intrinseque\/#breadcrumb","itemListElement":[{"@type":"ListItem","position":1,"name":"Home","item":"https:\/\/cancoppas.com\/fr\/"},{"@type":"ListItem","position":2,"name":"Boutique","item":"https:\/\/cancoppas.com\/shop\/"},{"@type":"ListItem","position":3,"name":"Barri\u00e8re de s\u00e9curit\u00e9 intrins\u00e8que"}]},{"@type":"WebSite","@id":"https:\/\/cancoppas.com\/fr\/#website","url":"https:\/\/cancoppas.com\/fr\/","name":"Cancoppas","description":"Cancoppas Process Solutions","potentialAction":[{"@type":"SearchAction","target":{"@type":"EntryPoint","urlTemplate":"https:\/\/cancoppas.com\/fr\/?s={search_term_string}"},"query-input":"required name=search_term_string"}],"inLanguage":"fr-FR"}]}},"_links":{"self":[{"href":"https:\/\/cancoppas.com\/fr\/wp-json\/wp\/v2\/product\/5492","targetHints":{"allow":["GET"]}}],"collection":[{"href":"https:\/\/cancoppas.com\/fr\/wp-json\/wp\/v2\/product"}],"about":[{"href":"https:\/\/cancoppas.com\/fr\/wp-json\/wp\/v2\/types\/product"}],"wp:featuredmedia":[{"embeddable":true,"href":"https:\/\/cancoppas.com\/fr\/wp-json\/wp\/v2\/media\/4839"}],"wp:attachment":[{"href":"https:\/\/cancoppas.com\/fr\/wp-json\/wp\/v2\/media?parent=5492"}],"wp:term":[{"taxonomy":"product_cat","embeddable":true,"href":"https:\/\/cancoppas.com\/fr\/wp-json\/wp\/v2\/product_cat?post=5492"},{"taxonomy":"product_tag","embeddable":true,"href":"https:\/\/cancoppas.com\/fr\/wp-json\/wp\/v2\/product_tag?post=5492"}],"curies":[{"name":"wp","href":"https:\/\/api.w.org\/{rel}","templated":true}]}}