{"id":5488,"date":"2022-09-20T22:36:23","date_gmt":"2022-09-20T22:36:23","guid":{"rendered":"https:\/\/cancoppas.com\/products\/hs35-absolu\/"},"modified":"2024-10-28T18:57:32","modified_gmt":"2024-10-28T18:57:32","slug":"hs35-absolu","status":"publish","type":"product","link":"https:\/\/cancoppas.com\/fr\/products\/hs35-absolu\/","title":{"rendered":"HS35 Absolu"},"content":{"rendered":"","protected":false},"excerpt":{"rendered":"<p>De conception tout aussi robuste que le mod\u00e8le incr\u00e9mental, l&rsquo;encodeur absolu HS35 de BEI est disponible avec diff\u00e9rentes options de sortie, notamment le code Gray et le code binaire naturel. Con\u00e7u avec un bo\u00eetier en aluminium moul\u00e9, un connecteur \u00e9tanche et des joints d&rsquo;arbre, il est conforme \u00e0 la norme environnementale IP65. Avec les inserts isolants optionnels, il peut \u00eatre mont\u00e9 sur des arbres de plus petit diam\u00e8tre. Il est con\u00e7u pour un montage sur arbre traversant ou sur arbre borgne avec un couvercle ferm\u00e9 pour maintenir son indice de protection.<\/p>\n","protected":false},"featured_media":4835,"template":"","meta":{"_acf_changed":false},"product_cat":[252,253,251,247],"product_tag":[],"class_list":{"0":"post-5488","1":"product","2":"type-product","3":"status-publish","4":"has-post-thumbnail","6":"product_cat-absolu","7":"product_cat-arbre-creux","8":"product_cat-encodeurs","9":"product_cat-encodeurs-controles-et-affichages","11":"first","12":"instock","13":"shipping-taxable","14":"product-type-simple"},"acf":[],"yoast_head":"<!-- This site is optimized with the Yoast SEO plugin v22.0 - https:\/\/yoast.com\/wordpress\/plugins\/seo\/ -->\n<title>HS35 Absolu - Cancoppas<\/title>\n<meta name=\"description\" content=\"De m\u00eame conception robuste que le mod\u00e8le incr\u00e9mental, l&#039;encodeur absolu HS35 de BEI est disponible avec diverses options de sortie, notamment le code Gray et le code binaire naturel.\" \/>\n<meta name=\"robots\" content=\"index, follow, max-snippet:-1, max-image-preview:large, max-video-preview:-1\" \/>\n<link rel=\"canonical\" href=\"https:\/\/cancoppas.com\/fr\/products\/hs35-absolu\/\" \/>\n<meta property=\"og:locale\" content=\"fr_FR\" \/>\n<meta property=\"og:type\" content=\"article\" \/>\n<meta property=\"og:title\" content=\"HS35 Absolu - Cancoppas\" \/>\n<meta property=\"og:description\" content=\"De m\u00eame conception robuste que le mod\u00e8le incr\u00e9mental, l&#039;encodeur absolu HS35 de BEI est disponible avec diverses options de sortie, notamment le code Gray et le code binaire naturel.\" \/>\n<meta property=\"og:url\" content=\"https:\/\/cancoppas.com\/fr\/products\/hs35-absolu\/\" \/>\n<meta property=\"og:site_name\" content=\"Cancoppas\" \/>\n<meta property=\"article:modified_time\" content=\"2024-10-28T18:57:32+00:00\" \/>\n<meta property=\"og:image\" content=\"https:\/\/cancoppas.com\/wp-content\/uploads\/2022\/09\/HS35-absolute-encoder.jpg\" \/>\n\t<meta property=\"og:image:width\" content=\"434\" \/>\n\t<meta property=\"og:image:height\" content=\"434\" \/>\n\t<meta property=\"og:image:type\" content=\"image\/jpeg\" \/>\n<meta name=\"twitter:card\" content=\"summary_large_image\" \/>\n<meta name=\"twitter:label1\" content=\"Dur\u00e9e de lecture estim\u00e9e\" \/>\n\t<meta name=\"twitter:data1\" content=\"1 minute\" \/>\n<script type=\"application\/ld+json\" class=\"yoast-schema-graph\">{\"@context\":\"https:\/\/schema.org\",\"@graph\":[{\"@type\":\"WebPage\",\"@id\":\"https:\/\/cancoppas.com\/fr\/products\/hs35-absolu\/\",\"url\":\"https:\/\/cancoppas.com\/fr\/products\/hs35-absolu\/\",\"name\":\"HS35 Absolu - Cancoppas\",\"isPartOf\":{\"@id\":\"https:\/\/cancoppas.com\/fr\/#website\"},\"datePublished\":\"2022-09-20T22:36:23+00:00\",\"dateModified\":\"2024-10-28T18:57:32+00:00\",\"description\":\"De m\u00eame conception robuste que le mod\u00e8le incr\u00e9mental, l'encodeur absolu HS35 de BEI est disponible avec diverses options de sortie, notamment le code Gray et le code binaire naturel.\",\"breadcrumb\":{\"@id\":\"https:\/\/cancoppas.com\/fr\/products\/hs35-absolu\/#breadcrumb\"},\"inLanguage\":\"fr-FR\",\"potentialAction\":[{\"@type\":\"ReadAction\",\"target\":[\"https:\/\/cancoppas.com\/fr\/products\/hs35-absolu\/\"]}]},{\"@type\":\"BreadcrumbList\",\"@id\":\"https:\/\/cancoppas.com\/fr\/products\/hs35-absolu\/#breadcrumb\",\"itemListElement\":[{\"@type\":\"ListItem\",\"position\":1,\"name\":\"Home\",\"item\":\"https:\/\/cancoppas.com\/fr\/\"},{\"@type\":\"ListItem\",\"position\":2,\"name\":\"Boutique\",\"item\":\"https:\/\/cancoppas.com\/shop\/\"},{\"@type\":\"ListItem\",\"position\":3,\"name\":\"HS35 Absolu\"}]},{\"@type\":\"WebSite\",\"@id\":\"https:\/\/cancoppas.com\/fr\/#website\",\"url\":\"https:\/\/cancoppas.com\/fr\/\",\"name\":\"Cancoppas\",\"description\":\"Cancoppas Process Solutions\",\"potentialAction\":[{\"@type\":\"SearchAction\",\"target\":{\"@type\":\"EntryPoint\",\"urlTemplate\":\"https:\/\/cancoppas.com\/fr\/?s={search_term_string}\"},\"query-input\":\"required name=search_term_string\"}],\"inLanguage\":\"fr-FR\"}]}<\/script>\n<!-- \/ Yoast SEO plugin. -->","yoast_head_json":{"title":"HS35 Absolu - Cancoppas","description":"De m\u00eame conception robuste que le mod\u00e8le incr\u00e9mental, l'encodeur absolu HS35 de BEI est disponible avec diverses options de sortie, notamment le code Gray et le code binaire naturel.","robots":{"index":"index","follow":"follow","max-snippet":"max-snippet:-1","max-image-preview":"max-image-preview:large","max-video-preview":"max-video-preview:-1"},"canonical":"https:\/\/cancoppas.com\/fr\/products\/hs35-absolu\/","og_locale":"fr_FR","og_type":"article","og_title":"HS35 Absolu - Cancoppas","og_description":"De m\u00eame conception robuste que le mod\u00e8le incr\u00e9mental, l'encodeur absolu HS35 de BEI est disponible avec diverses options de sortie, notamment le code Gray et le code binaire naturel.","og_url":"https:\/\/cancoppas.com\/fr\/products\/hs35-absolu\/","og_site_name":"Cancoppas","article_modified_time":"2024-10-28T18:57:32+00:00","og_image":[{"width":434,"height":434,"url":"https:\/\/cancoppas.com\/wp-content\/uploads\/2022\/09\/HS35-absolute-encoder.jpg","type":"image\/jpeg"}],"twitter_card":"summary_large_image","twitter_misc":{"Dur\u00e9e de lecture estim\u00e9e":"1 minute"},"schema":{"@context":"https:\/\/schema.org","@graph":[{"@type":"WebPage","@id":"https:\/\/cancoppas.com\/fr\/products\/hs35-absolu\/","url":"https:\/\/cancoppas.com\/fr\/products\/hs35-absolu\/","name":"HS35 Absolu - Cancoppas","isPartOf":{"@id":"https:\/\/cancoppas.com\/fr\/#website"},"datePublished":"2022-09-20T22:36:23+00:00","dateModified":"2024-10-28T18:57:32+00:00","description":"De m\u00eame conception robuste que le mod\u00e8le incr\u00e9mental, l'encodeur absolu HS35 de BEI est disponible avec diverses options de sortie, notamment le code Gray et le code binaire naturel.","breadcrumb":{"@id":"https:\/\/cancoppas.com\/fr\/products\/hs35-absolu\/#breadcrumb"},"inLanguage":"fr-FR","potentialAction":[{"@type":"ReadAction","target":["https:\/\/cancoppas.com\/fr\/products\/hs35-absolu\/"]}]},{"@type":"BreadcrumbList","@id":"https:\/\/cancoppas.com\/fr\/products\/hs35-absolu\/#breadcrumb","itemListElement":[{"@type":"ListItem","position":1,"name":"Home","item":"https:\/\/cancoppas.com\/fr\/"},{"@type":"ListItem","position":2,"name":"Boutique","item":"https:\/\/cancoppas.com\/shop\/"},{"@type":"ListItem","position":3,"name":"HS35 Absolu"}]},{"@type":"WebSite","@id":"https:\/\/cancoppas.com\/fr\/#website","url":"https:\/\/cancoppas.com\/fr\/","name":"Cancoppas","description":"Cancoppas Process Solutions","potentialAction":[{"@type":"SearchAction","target":{"@type":"EntryPoint","urlTemplate":"https:\/\/cancoppas.com\/fr\/?s={search_term_string}"},"query-input":"required name=search_term_string"}],"inLanguage":"fr-FR"}]}},"_links":{"self":[{"href":"https:\/\/cancoppas.com\/fr\/wp-json\/wp\/v2\/product\/5488","targetHints":{"allow":["GET"]}}],"collection":[{"href":"https:\/\/cancoppas.com\/fr\/wp-json\/wp\/v2\/product"}],"about":[{"href":"https:\/\/cancoppas.com\/fr\/wp-json\/wp\/v2\/types\/product"}],"wp:featuredmedia":[{"embeddable":true,"href":"https:\/\/cancoppas.com\/fr\/wp-json\/wp\/v2\/media\/4835"}],"wp:attachment":[{"href":"https:\/\/cancoppas.com\/fr\/wp-json\/wp\/v2\/media?parent=5488"}],"wp:term":[{"taxonomy":"product_cat","embeddable":true,"href":"https:\/\/cancoppas.com\/fr\/wp-json\/wp\/v2\/product_cat?post=5488"},{"taxonomy":"product_tag","embeddable":true,"href":"https:\/\/cancoppas.com\/fr\/wp-json\/wp\/v2\/product_tag?post=5488"}],"curies":[{"name":"wp","href":"https:\/\/api.w.org\/{rel}","templated":true}]}}