{"id":5476,"date":"2022-09-20T21:22:00","date_gmt":"2022-09-20T21:22:00","guid":{"rendered":"https:\/\/cancoppas.com\/products\/h25-omni-incremental-programmable\/"},"modified":"2024-10-29T13:07:00","modified_gmt":"2024-10-29T13:07:00","slug":"h25-omni-incremental-programmable","status":"publish","type":"product","link":"https:\/\/cancoppas.com\/fr\/products\/h25-omni-incremental-programmable\/","title":{"rendered":"H25 OMNI &#8211; Incr\u00e9mental programmable"},"content":{"rendered":"","protected":false},"excerpt":{"rendered":"<p>L&rsquo;Omnicoder\u00ae est dot\u00e9 d&rsquo;une capacit\u00e9 de r\u00e9solution dynamique brevet\u00e9e qui permet aux utilisateurs de programmer facilement la r\u00e9solution du codeur \u00e0 n&rsquo;importe quelle valeur comprise entre 1 et 10 000 comptes par tour. Install\u00e9 dans l&rsquo;encodeur incr\u00e9mental de BEI, le mod\u00e8le H25, l&rsquo;Omnicoder\u00ae permet des variations de r\u00e9solution pratiquement illimit\u00e9es.<\/p>\n<p>Sp\u00e9cifiez les cycles et Cancoppas les programmera pour vous, ou commandez le c\u00e2ble et faites-le vous-m\u00eame. L&rsquo;encodeur peut \u00eatre programm\u00e9 et reprogramm\u00e9 pour r\u00e9pondre \u00e0 vos besoins.<\/p>\n<p>\u00c9vitez de stocker plusieurs encodeurs en stockant l&rsquo;OMNI et programmez ce dont vous avez besoin, quand vous en avez besoin.<\/p>\n","protected":false},"featured_media":4829,"template":"","meta":{"_acf_changed":false},"product_cat":[257,255,251,247],"product_tag":[],"class_list":{"0":"post-5476","1":"product","2":"type-product","3":"status-publish","4":"has-post-thumbnail","6":"product_cat-arbre-incremental","7":"product_cat-incremental-fr","8":"product_cat-encodeurs","9":"product_cat-encodeurs-controles-et-affichages","11":"first","12":"instock","13":"shipping-taxable","14":"product-type-simple"},"acf":[],"yoast_head":"<!-- This site is optimized with the Yoast SEO plugin v22.0 - https:\/\/yoast.com\/wordpress\/plugins\/seo\/ -->\n<title>H25 OMNI - Incr\u00e9mental programmable - Cancoppas<\/title>\n<meta name=\"description\" content=\"BEI H25 OMNI : capacit\u00e9 de r\u00e9solution dynamique brevet\u00e9e de l&#039;encodeur qui peut \u00eatre facilement programm\u00e9e \u00e0 n&#039;importe quelle valeur entre 1 et 10 000 comptes par tour.\" \/>\n<meta name=\"robots\" content=\"index, follow, max-snippet:-1, max-image-preview:large, max-video-preview:-1\" \/>\n<link rel=\"canonical\" href=\"https:\/\/cancoppas.com\/fr\/products\/h25-omni-incremental-programmable\/\" \/>\n<meta property=\"og:locale\" content=\"fr_FR\" \/>\n<meta property=\"og:type\" content=\"article\" \/>\n<meta property=\"og:title\" content=\"H25 OMNI - Incr\u00e9mental programmable - Cancoppas\" \/>\n<meta property=\"og:description\" content=\"BEI H25 OMNI : capacit\u00e9 de r\u00e9solution dynamique brevet\u00e9e de l&#039;encodeur qui peut \u00eatre facilement programm\u00e9e \u00e0 n&#039;importe quelle valeur entre 1 et 10 000 comptes par tour.\" \/>\n<meta property=\"og:url\" content=\"https:\/\/cancoppas.com\/fr\/products\/h25-omni-incremental-programmable\/\" \/>\n<meta property=\"og:site_name\" content=\"Cancoppas\" \/>\n<meta property=\"article:modified_time\" content=\"2024-10-29T13:07:00+00:00\" \/>\n<meta property=\"og:image\" content=\"https:\/\/cancoppas.com\/wp-content\/uploads\/2022\/09\/H25-omnicoder.jpg\" \/>\n\t<meta property=\"og:image:width\" content=\"434\" \/>\n\t<meta property=\"og:image:height\" content=\"434\" \/>\n\t<meta property=\"og:image:type\" content=\"image\/jpeg\" \/>\n<meta name=\"twitter:card\" content=\"summary_large_image\" \/>\n<meta name=\"twitter:label1\" content=\"Dur\u00e9e de lecture estim\u00e9e\" \/>\n\t<meta name=\"twitter:data1\" content=\"1 minute\" \/>\n<script type=\"application\/ld+json\" class=\"yoast-schema-graph\">{\"@context\":\"https:\/\/schema.org\",\"@graph\":[{\"@type\":\"WebPage\",\"@id\":\"https:\/\/cancoppas.com\/fr\/products\/h25-omni-incremental-programmable\/\",\"url\":\"https:\/\/cancoppas.com\/fr\/products\/h25-omni-incremental-programmable\/\",\"name\":\"H25 OMNI - Incr\u00e9mental programmable - Cancoppas\",\"isPartOf\":{\"@id\":\"https:\/\/cancoppas.com\/fr\/#website\"},\"datePublished\":\"2022-09-20T21:22:00+00:00\",\"dateModified\":\"2024-10-29T13:07:00+00:00\",\"description\":\"BEI H25 OMNI : capacit\u00e9 de r\u00e9solution dynamique brevet\u00e9e de l'encodeur qui peut \u00eatre facilement programm\u00e9e \u00e0 n'importe quelle valeur entre 1 et 10 000 comptes par tour.\",\"breadcrumb\":{\"@id\":\"https:\/\/cancoppas.com\/fr\/products\/h25-omni-incremental-programmable\/#breadcrumb\"},\"inLanguage\":\"fr-FR\",\"potentialAction\":[{\"@type\":\"ReadAction\",\"target\":[\"https:\/\/cancoppas.com\/fr\/products\/h25-omni-incremental-programmable\/\"]}]},{\"@type\":\"BreadcrumbList\",\"@id\":\"https:\/\/cancoppas.com\/fr\/products\/h25-omni-incremental-programmable\/#breadcrumb\",\"itemListElement\":[{\"@type\":\"ListItem\",\"position\":1,\"name\":\"Home\",\"item\":\"https:\/\/cancoppas.com\/fr\/\"},{\"@type\":\"ListItem\",\"position\":2,\"name\":\"Boutique\",\"item\":\"https:\/\/cancoppas.com\/shop\/\"},{\"@type\":\"ListItem\",\"position\":3,\"name\":\"H25 OMNI &#8211; Incr\u00e9mental programmable\"}]},{\"@type\":\"WebSite\",\"@id\":\"https:\/\/cancoppas.com\/fr\/#website\",\"url\":\"https:\/\/cancoppas.com\/fr\/\",\"name\":\"Cancoppas\",\"description\":\"Cancoppas Process Solutions\",\"potentialAction\":[{\"@type\":\"SearchAction\",\"target\":{\"@type\":\"EntryPoint\",\"urlTemplate\":\"https:\/\/cancoppas.com\/fr\/?s={search_term_string}\"},\"query-input\":\"required name=search_term_string\"}],\"inLanguage\":\"fr-FR\"}]}<\/script>\n<!-- \/ Yoast SEO plugin. -->","yoast_head_json":{"title":"H25 OMNI - Incr\u00e9mental programmable - Cancoppas","description":"BEI H25 OMNI : capacit\u00e9 de r\u00e9solution dynamique brevet\u00e9e de l'encodeur qui peut \u00eatre facilement programm\u00e9e \u00e0 n'importe quelle valeur entre 1 et 10 000 comptes par tour.","robots":{"index":"index","follow":"follow","max-snippet":"max-snippet:-1","max-image-preview":"max-image-preview:large","max-video-preview":"max-video-preview:-1"},"canonical":"https:\/\/cancoppas.com\/fr\/products\/h25-omni-incremental-programmable\/","og_locale":"fr_FR","og_type":"article","og_title":"H25 OMNI - Incr\u00e9mental programmable - Cancoppas","og_description":"BEI H25 OMNI : capacit\u00e9 de r\u00e9solution dynamique brevet\u00e9e de l'encodeur qui peut \u00eatre facilement programm\u00e9e \u00e0 n'importe quelle valeur entre 1 et 10 000 comptes par tour.","og_url":"https:\/\/cancoppas.com\/fr\/products\/h25-omni-incremental-programmable\/","og_site_name":"Cancoppas","article_modified_time":"2024-10-29T13:07:00+00:00","og_image":[{"width":434,"height":434,"url":"https:\/\/cancoppas.com\/wp-content\/uploads\/2022\/09\/H25-omnicoder.jpg","type":"image\/jpeg"}],"twitter_card":"summary_large_image","twitter_misc":{"Dur\u00e9e de lecture estim\u00e9e":"1 minute"},"schema":{"@context":"https:\/\/schema.org","@graph":[{"@type":"WebPage","@id":"https:\/\/cancoppas.com\/fr\/products\/h25-omni-incremental-programmable\/","url":"https:\/\/cancoppas.com\/fr\/products\/h25-omni-incremental-programmable\/","name":"H25 OMNI - Incr\u00e9mental programmable - Cancoppas","isPartOf":{"@id":"https:\/\/cancoppas.com\/fr\/#website"},"datePublished":"2022-09-20T21:22:00+00:00","dateModified":"2024-10-29T13:07:00+00:00","description":"BEI H25 OMNI : capacit\u00e9 de r\u00e9solution dynamique brevet\u00e9e de l'encodeur qui peut \u00eatre facilement programm\u00e9e \u00e0 n'importe quelle valeur entre 1 et 10 000 comptes par tour.","breadcrumb":{"@id":"https:\/\/cancoppas.com\/fr\/products\/h25-omni-incremental-programmable\/#breadcrumb"},"inLanguage":"fr-FR","potentialAction":[{"@type":"ReadAction","target":["https:\/\/cancoppas.com\/fr\/products\/h25-omni-incremental-programmable\/"]}]},{"@type":"BreadcrumbList","@id":"https:\/\/cancoppas.com\/fr\/products\/h25-omni-incremental-programmable\/#breadcrumb","itemListElement":[{"@type":"ListItem","position":1,"name":"Home","item":"https:\/\/cancoppas.com\/fr\/"},{"@type":"ListItem","position":2,"name":"Boutique","item":"https:\/\/cancoppas.com\/shop\/"},{"@type":"ListItem","position":3,"name":"H25 OMNI &#8211; Incr\u00e9mental programmable"}]},{"@type":"WebSite","@id":"https:\/\/cancoppas.com\/fr\/#website","url":"https:\/\/cancoppas.com\/fr\/","name":"Cancoppas","description":"Cancoppas Process Solutions","potentialAction":[{"@type":"SearchAction","target":{"@type":"EntryPoint","urlTemplate":"https:\/\/cancoppas.com\/fr\/?s={search_term_string}"},"query-input":"required name=search_term_string"}],"inLanguage":"fr-FR"}]}},"_links":{"self":[{"href":"https:\/\/cancoppas.com\/fr\/wp-json\/wp\/v2\/product\/5476","targetHints":{"allow":["GET"]}}],"collection":[{"href":"https:\/\/cancoppas.com\/fr\/wp-json\/wp\/v2\/product"}],"about":[{"href":"https:\/\/cancoppas.com\/fr\/wp-json\/wp\/v2\/types\/product"}],"wp:featuredmedia":[{"embeddable":true,"href":"https:\/\/cancoppas.com\/fr\/wp-json\/wp\/v2\/media\/4829"}],"wp:attachment":[{"href":"https:\/\/cancoppas.com\/fr\/wp-json\/wp\/v2\/media?parent=5476"}],"wp:term":[{"taxonomy":"product_cat","embeddable":true,"href":"https:\/\/cancoppas.com\/fr\/wp-json\/wp\/v2\/product_cat?post=5476"},{"taxonomy":"product_tag","embeddable":true,"href":"https:\/\/cancoppas.com\/fr\/wp-json\/wp\/v2\/product_tag?post=5476"}],"curies":[{"name":"wp","href":"https:\/\/api.w.org\/{rel}","templated":true}]}}