{"id":5465,"date":"2022-09-20T19:48:32","date_gmt":"2022-09-20T19:48:32","guid":{"rendered":"https:\/\/cancoppas.com\/products\/echantillonneur-deaux-usees\/"},"modified":"2025-02-25T15:15:28","modified_gmt":"2025-02-25T15:15:28","slug":"echantillonneur-deaux-usees","status":"publish","type":"product","link":"https:\/\/cancoppas.com\/fr\/products\/echantillonneur-deaux-usees\/","title":{"rendered":"\u00c9chantillonneur d&rsquo;eaux us\u00e9es"},"content":{"rendered":"","protected":false},"excerpt":{"rendered":"<p>Le module d&rsquo;\u00e9chantillonnage est commun \u00e0 tous les mod\u00e8les de la gamme d&rsquo;\u00e9chantillonneurs d&rsquo;eaux us\u00e9es Aysix-Aquacell.<br \/>\nLe module utilise un syst\u00e8me d&rsquo;\u00e9chantillonnage sous vide \u00e0 pompe \u00e0 air \u00e0 grand diam\u00e8tre pour collecter automatiquement des \u00e9chantillons d&rsquo;effluents repr\u00e9sentatifs et reproductibles \u00e0 des volumes tr\u00e8s pr\u00e9cis. La programmation, le fonctionnement et la maintenance sont simples.<br \/>\nLe syst\u00e8me d&rsquo;\u00e9chantillonnage sous vide par pompe \u00e0 air permet d&rsquo;obtenir un \u00e9chantillon fiable, repr\u00e9sentatif et reproductible sans les faiblesses qui peuvent \u00eatre associ\u00e9es \u00e0 d&rsquo;autres techniques d&rsquo;\u00e9chantillonnage. La programmation est simple, avec des volumes d&rsquo;\u00e9chantillons allant de 50 \u00e0 500 ml (et plus) et des intervalles d&rsquo;\u00e9chantillonnage allant de 1 minute \u00e0 pr\u00e8s de 100 heures.<br \/>\nL&rsquo;extraction de l&rsquo;\u00e9chantillon peut \u00eatre bas\u00e9e sur le temps ou d\u00e9clench\u00e9e par des sources externes telles que des d\u00e9bitm\u00e8tres, des capteurs de niveau, des pH-m\u00e8tres, des automates programmables, etc.<\/p>\n","protected":false},"featured_media":4672,"template":"","meta":{"_acf_changed":false},"product_cat":[234,246],"product_tag":[],"class_list":{"0":"post-5465","1":"product","2":"type-product","3":"status-publish","4":"has-post-thumbnail","6":"product_cat-analyse","7":"product_cat-echantillonneurs-deaux-usees","9":"first","10":"instock","11":"shipping-taxable","12":"product-type-simple"},"acf":[],"yoast_head":"<!-- This site is optimized with the Yoast SEO plugin v22.0 - https:\/\/yoast.com\/wordpress\/plugins\/seo\/ -->\n<title>\u00c9chantillonneur d&#039;eaux us\u00e9es - Cancoppas<\/title>\n<meta name=\"description\" content=\"\u00c9chantillonneur d&#039;eau us\u00e9e Aysix Aquacell disponibles en version portable, murale, fixe et r\u00e9frig\u00e9r\u00e9e fixe, avec des mod\u00e8les \u00e0 une ou plusieurs bouteilles dans une vari\u00e9t\u00e9 de tailles de bouteilles en verre et en plastique.\u00c9chantillonneur d&#039;eau us\u00e9e\" \/>\n<meta name=\"robots\" content=\"index, follow, max-snippet:-1, max-image-preview:large, max-video-preview:-1\" \/>\n<link rel=\"canonical\" href=\"https:\/\/cancoppas.com\/fr\/products\/echantillonneur-deaux-usees\/\" \/>\n<meta property=\"og:locale\" content=\"fr_FR\" \/>\n<meta property=\"og:type\" content=\"article\" \/>\n<meta property=\"og:title\" content=\"\u00c9chantillonneur d&#039;eaux us\u00e9es - Cancoppas\" \/>\n<meta property=\"og:description\" content=\"\u00c9chantillonneur d&#039;eau us\u00e9e Aysix Aquacell disponibles en version portable, murale, fixe et r\u00e9frig\u00e9r\u00e9e fixe, avec des mod\u00e8les \u00e0 une ou plusieurs bouteilles dans une vari\u00e9t\u00e9 de tailles de bouteilles en verre et en plastique.\u00c9chantillonneur d&#039;eau us\u00e9e\" \/>\n<meta property=\"og:url\" content=\"https:\/\/cancoppas.com\/fr\/products\/echantillonneur-deaux-usees\/\" \/>\n<meta property=\"og:site_name\" content=\"Cancoppas\" \/>\n<meta property=\"article:modified_time\" content=\"2025-02-25T15:15:28+00:00\" \/>\n<meta property=\"og:image\" content=\"https:\/\/cancoppas.com\/wp-content\/uploads\/2022\/09\/CAN_P2-COMPACT-closed-Handle-up-scaled.jpg\" \/>\n\t<meta property=\"og:image:width\" content=\"2355\" \/>\n\t<meta property=\"og:image:height\" content=\"2560\" \/>\n\t<meta property=\"og:image:type\" content=\"image\/jpeg\" \/>\n<meta name=\"twitter:card\" content=\"summary_large_image\" \/>\n<meta name=\"twitter:label1\" content=\"Dur\u00e9e de lecture estim\u00e9e\" \/>\n\t<meta name=\"twitter:data1\" content=\"1 minute\" \/>\n<script type=\"application\/ld+json\" class=\"yoast-schema-graph\">{\"@context\":\"https:\/\/schema.org\",\"@graph\":[{\"@type\":\"WebPage\",\"@id\":\"https:\/\/cancoppas.com\/fr\/products\/echantillonneur-deaux-usees\/\",\"url\":\"https:\/\/cancoppas.com\/fr\/products\/echantillonneur-deaux-usees\/\",\"name\":\"\u00c9chantillonneur d'eaux us\u00e9es - Cancoppas\",\"isPartOf\":{\"@id\":\"https:\/\/cancoppas.com\/fr\/#website\"},\"datePublished\":\"2022-09-20T19:48:32+00:00\",\"dateModified\":\"2025-02-25T15:15:28+00:00\",\"description\":\"\u00c9chantillonneur d'eau us\u00e9e Aysix Aquacell disponibles en version portable, murale, fixe et r\u00e9frig\u00e9r\u00e9e fixe, avec des mod\u00e8les \u00e0 une ou plusieurs bouteilles dans une vari\u00e9t\u00e9 de tailles de bouteilles en verre et en plastique.\u00c9chantillonneur d'eau us\u00e9e\",\"breadcrumb\":{\"@id\":\"https:\/\/cancoppas.com\/fr\/products\/echantillonneur-deaux-usees\/#breadcrumb\"},\"inLanguage\":\"fr-FR\",\"potentialAction\":[{\"@type\":\"ReadAction\",\"target\":[\"https:\/\/cancoppas.com\/fr\/products\/echantillonneur-deaux-usees\/\"]}]},{\"@type\":\"BreadcrumbList\",\"@id\":\"https:\/\/cancoppas.com\/fr\/products\/echantillonneur-deaux-usees\/#breadcrumb\",\"itemListElement\":[{\"@type\":\"ListItem\",\"position\":1,\"name\":\"Home\",\"item\":\"https:\/\/cancoppas.com\/fr\/\"},{\"@type\":\"ListItem\",\"position\":2,\"name\":\"Boutique\",\"item\":\"https:\/\/cancoppas.com\/shop\/\"},{\"@type\":\"ListItem\",\"position\":3,\"name\":\"\u00c9chantillonneur d&#8217;eaux us\u00e9es\"}]},{\"@type\":\"WebSite\",\"@id\":\"https:\/\/cancoppas.com\/fr\/#website\",\"url\":\"https:\/\/cancoppas.com\/fr\/\",\"name\":\"Cancoppas\",\"description\":\"Cancoppas Process Solutions\",\"potentialAction\":[{\"@type\":\"SearchAction\",\"target\":{\"@type\":\"EntryPoint\",\"urlTemplate\":\"https:\/\/cancoppas.com\/fr\/?s={search_term_string}\"},\"query-input\":\"required name=search_term_string\"}],\"inLanguage\":\"fr-FR\"}]}<\/script>\n<!-- \/ Yoast SEO plugin. -->","yoast_head_json":{"title":"\u00c9chantillonneur d'eaux us\u00e9es - Cancoppas","description":"\u00c9chantillonneur d'eau us\u00e9e Aysix Aquacell disponibles en version portable, murale, fixe et r\u00e9frig\u00e9r\u00e9e fixe, avec des mod\u00e8les \u00e0 une ou plusieurs bouteilles dans une vari\u00e9t\u00e9 de tailles de bouteilles en verre et en plastique.\u00c9chantillonneur d'eau us\u00e9e","robots":{"index":"index","follow":"follow","max-snippet":"max-snippet:-1","max-image-preview":"max-image-preview:large","max-video-preview":"max-video-preview:-1"},"canonical":"https:\/\/cancoppas.com\/fr\/products\/echantillonneur-deaux-usees\/","og_locale":"fr_FR","og_type":"article","og_title":"\u00c9chantillonneur d'eaux us\u00e9es - Cancoppas","og_description":"\u00c9chantillonneur d'eau us\u00e9e Aysix Aquacell disponibles en version portable, murale, fixe et r\u00e9frig\u00e9r\u00e9e fixe, avec des mod\u00e8les \u00e0 une ou plusieurs bouteilles dans une vari\u00e9t\u00e9 de tailles de bouteilles en verre et en plastique.\u00c9chantillonneur d'eau us\u00e9e","og_url":"https:\/\/cancoppas.com\/fr\/products\/echantillonneur-deaux-usees\/","og_site_name":"Cancoppas","article_modified_time":"2025-02-25T15:15:28+00:00","og_image":[{"width":2355,"height":2560,"url":"https:\/\/cancoppas.com\/wp-content\/uploads\/2022\/09\/CAN_P2-COMPACT-closed-Handle-up-scaled.jpg","type":"image\/jpeg"}],"twitter_card":"summary_large_image","twitter_misc":{"Dur\u00e9e de lecture estim\u00e9e":"1 minute"},"schema":{"@context":"https:\/\/schema.org","@graph":[{"@type":"WebPage","@id":"https:\/\/cancoppas.com\/fr\/products\/echantillonneur-deaux-usees\/","url":"https:\/\/cancoppas.com\/fr\/products\/echantillonneur-deaux-usees\/","name":"\u00c9chantillonneur d'eaux us\u00e9es - Cancoppas","isPartOf":{"@id":"https:\/\/cancoppas.com\/fr\/#website"},"datePublished":"2022-09-20T19:48:32+00:00","dateModified":"2025-02-25T15:15:28+00:00","description":"\u00c9chantillonneur d'eau us\u00e9e Aysix Aquacell disponibles en version portable, murale, fixe et r\u00e9frig\u00e9r\u00e9e fixe, avec des mod\u00e8les \u00e0 une ou plusieurs bouteilles dans une vari\u00e9t\u00e9 de tailles de bouteilles en verre et en plastique.\u00c9chantillonneur d'eau us\u00e9e","breadcrumb":{"@id":"https:\/\/cancoppas.com\/fr\/products\/echantillonneur-deaux-usees\/#breadcrumb"},"inLanguage":"fr-FR","potentialAction":[{"@type":"ReadAction","target":["https:\/\/cancoppas.com\/fr\/products\/echantillonneur-deaux-usees\/"]}]},{"@type":"BreadcrumbList","@id":"https:\/\/cancoppas.com\/fr\/products\/echantillonneur-deaux-usees\/#breadcrumb","itemListElement":[{"@type":"ListItem","position":1,"name":"Home","item":"https:\/\/cancoppas.com\/fr\/"},{"@type":"ListItem","position":2,"name":"Boutique","item":"https:\/\/cancoppas.com\/shop\/"},{"@type":"ListItem","position":3,"name":"\u00c9chantillonneur d&#8217;eaux us\u00e9es"}]},{"@type":"WebSite","@id":"https:\/\/cancoppas.com\/fr\/#website","url":"https:\/\/cancoppas.com\/fr\/","name":"Cancoppas","description":"Cancoppas Process Solutions","potentialAction":[{"@type":"SearchAction","target":{"@type":"EntryPoint","urlTemplate":"https:\/\/cancoppas.com\/fr\/?s={search_term_string}"},"query-input":"required name=search_term_string"}],"inLanguage":"fr-FR"}]}},"_links":{"self":[{"href":"https:\/\/cancoppas.com\/fr\/wp-json\/wp\/v2\/product\/5465","targetHints":{"allow":["GET"]}}],"collection":[{"href":"https:\/\/cancoppas.com\/fr\/wp-json\/wp\/v2\/product"}],"about":[{"href":"https:\/\/cancoppas.com\/fr\/wp-json\/wp\/v2\/types\/product"}],"wp:featuredmedia":[{"embeddable":true,"href":"https:\/\/cancoppas.com\/fr\/wp-json\/wp\/v2\/media\/4672"}],"wp:attachment":[{"href":"https:\/\/cancoppas.com\/fr\/wp-json\/wp\/v2\/media?parent=5465"}],"wp:term":[{"taxonomy":"product_cat","embeddable":true,"href":"https:\/\/cancoppas.com\/fr\/wp-json\/wp\/v2\/product_cat?post=5465"},{"taxonomy":"product_tag","embeddable":true,"href":"https:\/\/cancoppas.com\/fr\/wp-json\/wp\/v2\/product_tag?post=5465"}],"curies":[{"name":"wp","href":"https:\/\/api.w.org\/{rel}","templated":true}]}}