{"id":5429,"date":"2024-03-15T18:10:15","date_gmt":"2024-03-15T18:10:15","guid":{"rendered":"https:\/\/cancoppas.com\/products\/aysix-netmeter-3p\/"},"modified":"2024-10-17T16:53:32","modified_gmt":"2024-10-17T16:53:32","slug":"aysix-netmeter-3p","status":"publish","type":"product","link":"https:\/\/cancoppas.com\/fr\/products\/aysix-netmeter-3p\/","title":{"rendered":"Aysix Netmeter-3P"},"content":{"rendered":"","protected":false},"excerpt":{"rendered":"<p>Le AYXI NetMeter-3P : contr\u00f4le, enregistre et visualise en continu l&rsquo;\u00e9nergie \u00e9lectrique.<br \/>\nLes caract\u00e9ristiques comprennent :<\/p>\n<ul>\n<li>Mesure de plus de 50 param\u00e8tres \u00e9lectriques sur des charges triphas\u00e9es<\/li>\n<li>Fonctionnement pr\u00eat \u00e0 l&#8217;emploi<\/li>\n<li>Une interface web puissante pour visualiser les donn\u00e9es historiques et en temps r\u00e9el<\/li>\n<\/ul>\n","protected":false},"featured_media":4776,"template":"","meta":{"_acf_changed":false},"product_cat":[234,239],"product_tag":[],"class_list":{"0":"post-5429","1":"product","2":"type-product","3":"status-publish","4":"has-post-thumbnail","6":"product_cat-analyse","7":"product_cat-gestion-de-lenergie","9":"first","10":"instock","11":"shipping-taxable","12":"product-type-simple"},"acf":[],"yoast_head":"<!-- This site is optimized with the Yoast SEO plugin v22.0 - https:\/\/yoast.com\/wordpress\/plugins\/seo\/ -->\n<title>Aysix Netmeter-3P - Cancoppas<\/title>\n<meta name=\"description\" content=\"Le Aysix NetMeter-3P : contr\u00f4le, enregistre et visualise en continu l&#039;\u00e9nergie \u00e9lectrique.\" \/>\n<meta name=\"robots\" content=\"index, follow, max-snippet:-1, max-image-preview:large, max-video-preview:-1\" \/>\n<link rel=\"canonical\" href=\"https:\/\/cancoppas.com\/fr\/products\/aysix-netmeter-3p\/\" \/>\n<meta property=\"og:locale\" content=\"fr_FR\" \/>\n<meta property=\"og:type\" content=\"article\" \/>\n<meta property=\"og:title\" content=\"Aysix Netmeter-3P - Cancoppas\" \/>\n<meta property=\"og:description\" content=\"Le Aysix NetMeter-3P : contr\u00f4le, enregistre et visualise en continu l&#039;\u00e9nergie \u00e9lectrique.\" \/>\n<meta property=\"og:url\" content=\"https:\/\/cancoppas.com\/fr\/products\/aysix-netmeter-3p\/\" \/>\n<meta property=\"og:site_name\" content=\"Cancoppas\" \/>\n<meta property=\"article:modified_time\" content=\"2024-10-17T16:53:32+00:00\" \/>\n<meta property=\"og:image\" content=\"https:\/\/cancoppas.com\/wp-content\/uploads\/2022\/09\/Aysix-Netmeter-3P.jpg\" \/>\n\t<meta property=\"og:image:width\" content=\"653\" \/>\n\t<meta property=\"og:image:height\" content=\"533\" \/>\n\t<meta property=\"og:image:type\" content=\"image\/jpeg\" \/>\n<meta name=\"twitter:card\" content=\"summary_large_image\" \/>\n<meta name=\"twitter:label1\" content=\"Dur\u00e9e de lecture estim\u00e9e\" \/>\n\t<meta name=\"twitter:data1\" content=\"1 minute\" \/>\n<script type=\"application\/ld+json\" class=\"yoast-schema-graph\">{\"@context\":\"https:\/\/schema.org\",\"@graph\":[{\"@type\":\"WebPage\",\"@id\":\"https:\/\/cancoppas.com\/fr\/products\/aysix-netmeter-3p\/\",\"url\":\"https:\/\/cancoppas.com\/fr\/products\/aysix-netmeter-3p\/\",\"name\":\"Aysix Netmeter-3P - Cancoppas\",\"isPartOf\":{\"@id\":\"https:\/\/cancoppas.com\/fr\/#website\"},\"datePublished\":\"2024-03-15T18:10:15+00:00\",\"dateModified\":\"2024-10-17T16:53:32+00:00\",\"description\":\"Le Aysix NetMeter-3P : contr\u00f4le, enregistre et visualise en continu l'\u00e9nergie \u00e9lectrique.\",\"breadcrumb\":{\"@id\":\"https:\/\/cancoppas.com\/fr\/products\/aysix-netmeter-3p\/#breadcrumb\"},\"inLanguage\":\"fr-FR\",\"potentialAction\":[{\"@type\":\"ReadAction\",\"target\":[\"https:\/\/cancoppas.com\/fr\/products\/aysix-netmeter-3p\/\"]}]},{\"@type\":\"BreadcrumbList\",\"@id\":\"https:\/\/cancoppas.com\/fr\/products\/aysix-netmeter-3p\/#breadcrumb\",\"itemListElement\":[{\"@type\":\"ListItem\",\"position\":1,\"name\":\"Home\",\"item\":\"https:\/\/cancoppas.com\/fr\/\"},{\"@type\":\"ListItem\",\"position\":2,\"name\":\"Boutique\",\"item\":\"https:\/\/cancoppas.com\/shop\/\"},{\"@type\":\"ListItem\",\"position\":3,\"name\":\"Aysix Netmeter-3P\"}]},{\"@type\":\"WebSite\",\"@id\":\"https:\/\/cancoppas.com\/fr\/#website\",\"url\":\"https:\/\/cancoppas.com\/fr\/\",\"name\":\"Cancoppas\",\"description\":\"Cancoppas Process Solutions\",\"potentialAction\":[{\"@type\":\"SearchAction\",\"target\":{\"@type\":\"EntryPoint\",\"urlTemplate\":\"https:\/\/cancoppas.com\/fr\/?s={search_term_string}\"},\"query-input\":\"required name=search_term_string\"}],\"inLanguage\":\"fr-FR\"}]}<\/script>\n<!-- \/ Yoast SEO plugin. -->","yoast_head_json":{"title":"Aysix Netmeter-3P - Cancoppas","description":"Le Aysix NetMeter-3P : contr\u00f4le, enregistre et visualise en continu l'\u00e9nergie \u00e9lectrique.","robots":{"index":"index","follow":"follow","max-snippet":"max-snippet:-1","max-image-preview":"max-image-preview:large","max-video-preview":"max-video-preview:-1"},"canonical":"https:\/\/cancoppas.com\/fr\/products\/aysix-netmeter-3p\/","og_locale":"fr_FR","og_type":"article","og_title":"Aysix Netmeter-3P - Cancoppas","og_description":"Le Aysix NetMeter-3P : contr\u00f4le, enregistre et visualise en continu l'\u00e9nergie \u00e9lectrique.","og_url":"https:\/\/cancoppas.com\/fr\/products\/aysix-netmeter-3p\/","og_site_name":"Cancoppas","article_modified_time":"2024-10-17T16:53:32+00:00","og_image":[{"width":653,"height":533,"url":"https:\/\/cancoppas.com\/wp-content\/uploads\/2022\/09\/Aysix-Netmeter-3P.jpg","type":"image\/jpeg"}],"twitter_card":"summary_large_image","twitter_misc":{"Dur\u00e9e de lecture estim\u00e9e":"1 minute"},"schema":{"@context":"https:\/\/schema.org","@graph":[{"@type":"WebPage","@id":"https:\/\/cancoppas.com\/fr\/products\/aysix-netmeter-3p\/","url":"https:\/\/cancoppas.com\/fr\/products\/aysix-netmeter-3p\/","name":"Aysix Netmeter-3P - Cancoppas","isPartOf":{"@id":"https:\/\/cancoppas.com\/fr\/#website"},"datePublished":"2024-03-15T18:10:15+00:00","dateModified":"2024-10-17T16:53:32+00:00","description":"Le Aysix NetMeter-3P : contr\u00f4le, enregistre et visualise en continu l'\u00e9nergie \u00e9lectrique.","breadcrumb":{"@id":"https:\/\/cancoppas.com\/fr\/products\/aysix-netmeter-3p\/#breadcrumb"},"inLanguage":"fr-FR","potentialAction":[{"@type":"ReadAction","target":["https:\/\/cancoppas.com\/fr\/products\/aysix-netmeter-3p\/"]}]},{"@type":"BreadcrumbList","@id":"https:\/\/cancoppas.com\/fr\/products\/aysix-netmeter-3p\/#breadcrumb","itemListElement":[{"@type":"ListItem","position":1,"name":"Home","item":"https:\/\/cancoppas.com\/fr\/"},{"@type":"ListItem","position":2,"name":"Boutique","item":"https:\/\/cancoppas.com\/shop\/"},{"@type":"ListItem","position":3,"name":"Aysix Netmeter-3P"}]},{"@type":"WebSite","@id":"https:\/\/cancoppas.com\/fr\/#website","url":"https:\/\/cancoppas.com\/fr\/","name":"Cancoppas","description":"Cancoppas Process Solutions","potentialAction":[{"@type":"SearchAction","target":{"@type":"EntryPoint","urlTemplate":"https:\/\/cancoppas.com\/fr\/?s={search_term_string}"},"query-input":"required name=search_term_string"}],"inLanguage":"fr-FR"}]}},"_links":{"self":[{"href":"https:\/\/cancoppas.com\/fr\/wp-json\/wp\/v2\/product\/5429","targetHints":{"allow":["GET"]}}],"collection":[{"href":"https:\/\/cancoppas.com\/fr\/wp-json\/wp\/v2\/product"}],"about":[{"href":"https:\/\/cancoppas.com\/fr\/wp-json\/wp\/v2\/types\/product"}],"wp:featuredmedia":[{"embeddable":true,"href":"https:\/\/cancoppas.com\/fr\/wp-json\/wp\/v2\/media\/4776"}],"wp:attachment":[{"href":"https:\/\/cancoppas.com\/fr\/wp-json\/wp\/v2\/media?parent=5429"}],"wp:term":[{"taxonomy":"product_cat","embeddable":true,"href":"https:\/\/cancoppas.com\/fr\/wp-json\/wp\/v2\/product_cat?post=5429"},{"taxonomy":"product_tag","embeddable":true,"href":"https:\/\/cancoppas.com\/fr\/wp-json\/wp\/v2\/product_tag?post=5429"}],"curies":[{"name":"wp","href":"https:\/\/api.w.org\/{rel}","templated":true}]}}