{"id":5409,"date":"2022-09-20T14:50:37","date_gmt":"2022-09-20T14:50:37","guid":{"rendered":"https:\/\/cancoppas.com\/products\/postionneurs-p5-ep5\/"},"modified":"2024-10-22T13:44:10","modified_gmt":"2024-10-22T13:44:10","slug":"postionneurs-p5-ep5","status":"publish","type":"product","link":"https:\/\/cancoppas.com\/fr\/products\/postionneurs-p5-ep5\/","title":{"rendered":"Positionneurs P5\/EP5"},"content":{"rendered":"","protected":false},"excerpt":{"rendered":"<p>Le positionneur pneumatique PMV P5 constitue la base du syst\u00e8me de commande de vannes PMV. Les performances de cette unit\u00e9 ont \u00e9t\u00e9 am\u00e9lior\u00e9es gr\u00e2ce \u00e0 l&rsquo;assemblage sp\u00e9cial d&rsquo;un distributeur \u00e0 gain \u00e9lev\u00e9 et \u00e0 haute capacit\u00e9, qui permet une r\u00e9ponse tr\u00e8s rapide et pr\u00e9cise de l&rsquo;actionneur et du distributeur. Pour les applications \u00e0 simple ou double effet, cette nouvelle conception modulaire permet l&rsquo;ajout simple de convertisseurs I\/P et\/ou d&rsquo;une unit\u00e9 de r\u00e9troaction avec une vari\u00e9t\u00e9 d&rsquo;options de r\u00e9troaction.<\/p>\n<p>Les positionneurs PMV P5 et EP5 sont rapides et pr\u00e9cis. Ils sont disponibles en configuration pneumatique (P5) ou \u00e9lectropneumatique (EP5). Choisissez parmi les options antid\u00e9flagrantes (EP5-EX), de gel (EP5-FS) et de s\u00e9curit\u00e9 intrins\u00e8que (EP5-IS).<\/p>\n","protected":false},"featured_media":4140,"template":"","meta":{"_acf_changed":false},"product_cat":[203,304,201,305],"product_tag":[],"class_list":{"0":"post-5409","1":"product","2":"type-product","3":"status-publish","4":"has-post-thumbnail","6":"product_cat-positionneurs","7":"product_cat-electro-pneumatique","8":"product_cat-controle-des-vannes","9":"product_cat-pneumatique","11":"first","12":"instock","13":"shipping-taxable","14":"product-type-simple"},"acf":[],"yoast_head":"<!-- This site is optimized with the Yoast SEO plugin v22.0 - https:\/\/yoast.com\/wordpress\/plugins\/seo\/ -->\n<title>Positionneurs P5\/EP5 - Cancoppas<\/title>\n<meta name=\"description\" content=\"Positionneurs PMV Disponible en configuration pneumatique (P5) ou \u00e9lectropneumatique (EP5). Choisissez entre l&#039;antid\u00e9flagrant -EP5-EX, le gel -EP5-FS et la s\u00e9curit\u00e9 intrins\u00e8que -EP5-IS.\" \/>\n<meta name=\"robots\" content=\"index, follow, max-snippet:-1, max-image-preview:large, max-video-preview:-1\" \/>\n<link rel=\"canonical\" href=\"https:\/\/cancoppas.com\/fr\/products\/postionneurs-p5-ep5\/\" \/>\n<meta property=\"og:locale\" content=\"fr_FR\" \/>\n<meta property=\"og:type\" content=\"article\" \/>\n<meta property=\"og:title\" content=\"Positionneurs P5\/EP5 - Cancoppas\" \/>\n<meta property=\"og:description\" content=\"Positionneurs PMV Disponible en configuration pneumatique (P5) ou \u00e9lectropneumatique (EP5). Choisissez entre l&#039;antid\u00e9flagrant -EP5-EX, le gel -EP5-FS et la s\u00e9curit\u00e9 intrins\u00e8que -EP5-IS.\" \/>\n<meta property=\"og:url\" content=\"https:\/\/cancoppas.com\/fr\/products\/postionneurs-p5-ep5\/\" \/>\n<meta property=\"og:site_name\" content=\"Cancoppas\" \/>\n<meta property=\"article:modified_time\" content=\"2024-10-22T13:44:10+00:00\" \/>\n<meta property=\"og:image\" content=\"https:\/\/cancoppas.com\/wp-content\/uploads\/2022\/09\/P5_F.jpg\" \/>\n\t<meta property=\"og:image:width\" content=\"300\" \/>\n\t<meta property=\"og:image:height\" content=\"266\" \/>\n\t<meta property=\"og:image:type\" content=\"image\/jpeg\" \/>\n<meta name=\"twitter:card\" content=\"summary_large_image\" \/>\n<meta name=\"twitter:label1\" content=\"Dur\u00e9e de lecture estim\u00e9e\" \/>\n\t<meta name=\"twitter:data1\" content=\"1 minute\" \/>\n<script type=\"application\/ld+json\" class=\"yoast-schema-graph\">{\"@context\":\"https:\/\/schema.org\",\"@graph\":[{\"@type\":\"WebPage\",\"@id\":\"https:\/\/cancoppas.com\/fr\/products\/postionneurs-p5-ep5\/\",\"url\":\"https:\/\/cancoppas.com\/fr\/products\/postionneurs-p5-ep5\/\",\"name\":\"Positionneurs P5\/EP5 - Cancoppas\",\"isPartOf\":{\"@id\":\"https:\/\/cancoppas.com\/fr\/#website\"},\"datePublished\":\"2022-09-20T14:50:37+00:00\",\"dateModified\":\"2024-10-22T13:44:10+00:00\",\"description\":\"Positionneurs PMV Disponible en configuration pneumatique (P5) ou \u00e9lectropneumatique (EP5). Choisissez entre l'antid\u00e9flagrant -EP5-EX, le gel -EP5-FS et la s\u00e9curit\u00e9 intrins\u00e8que -EP5-IS.\",\"breadcrumb\":{\"@id\":\"https:\/\/cancoppas.com\/fr\/products\/postionneurs-p5-ep5\/#breadcrumb\"},\"inLanguage\":\"fr-FR\",\"potentialAction\":[{\"@type\":\"ReadAction\",\"target\":[\"https:\/\/cancoppas.com\/fr\/products\/postionneurs-p5-ep5\/\"]}]},{\"@type\":\"BreadcrumbList\",\"@id\":\"https:\/\/cancoppas.com\/fr\/products\/postionneurs-p5-ep5\/#breadcrumb\",\"itemListElement\":[{\"@type\":\"ListItem\",\"position\":1,\"name\":\"Home\",\"item\":\"https:\/\/cancoppas.com\/fr\/\"},{\"@type\":\"ListItem\",\"position\":2,\"name\":\"Boutique\",\"item\":\"https:\/\/cancoppas.com\/shop\/\"},{\"@type\":\"ListItem\",\"position\":3,\"name\":\"Positionneurs P5\/EP5\"}]},{\"@type\":\"WebSite\",\"@id\":\"https:\/\/cancoppas.com\/fr\/#website\",\"url\":\"https:\/\/cancoppas.com\/fr\/\",\"name\":\"Cancoppas\",\"description\":\"Cancoppas Process Solutions\",\"potentialAction\":[{\"@type\":\"SearchAction\",\"target\":{\"@type\":\"EntryPoint\",\"urlTemplate\":\"https:\/\/cancoppas.com\/fr\/?s={search_term_string}\"},\"query-input\":\"required name=search_term_string\"}],\"inLanguage\":\"fr-FR\"}]}<\/script>\n<!-- \/ Yoast SEO plugin. -->","yoast_head_json":{"title":"Positionneurs P5\/EP5 - Cancoppas","description":"Positionneurs PMV Disponible en configuration pneumatique (P5) ou \u00e9lectropneumatique (EP5). Choisissez entre l'antid\u00e9flagrant -EP5-EX, le gel -EP5-FS et la s\u00e9curit\u00e9 intrins\u00e8que -EP5-IS.","robots":{"index":"index","follow":"follow","max-snippet":"max-snippet:-1","max-image-preview":"max-image-preview:large","max-video-preview":"max-video-preview:-1"},"canonical":"https:\/\/cancoppas.com\/fr\/products\/postionneurs-p5-ep5\/","og_locale":"fr_FR","og_type":"article","og_title":"Positionneurs P5\/EP5 - Cancoppas","og_description":"Positionneurs PMV Disponible en configuration pneumatique (P5) ou \u00e9lectropneumatique (EP5). Choisissez entre l'antid\u00e9flagrant -EP5-EX, le gel -EP5-FS et la s\u00e9curit\u00e9 intrins\u00e8que -EP5-IS.","og_url":"https:\/\/cancoppas.com\/fr\/products\/postionneurs-p5-ep5\/","og_site_name":"Cancoppas","article_modified_time":"2024-10-22T13:44:10+00:00","og_image":[{"width":300,"height":266,"url":"https:\/\/cancoppas.com\/wp-content\/uploads\/2022\/09\/P5_F.jpg","type":"image\/jpeg"}],"twitter_card":"summary_large_image","twitter_misc":{"Dur\u00e9e de lecture estim\u00e9e":"1 minute"},"schema":{"@context":"https:\/\/schema.org","@graph":[{"@type":"WebPage","@id":"https:\/\/cancoppas.com\/fr\/products\/postionneurs-p5-ep5\/","url":"https:\/\/cancoppas.com\/fr\/products\/postionneurs-p5-ep5\/","name":"Positionneurs P5\/EP5 - Cancoppas","isPartOf":{"@id":"https:\/\/cancoppas.com\/fr\/#website"},"datePublished":"2022-09-20T14:50:37+00:00","dateModified":"2024-10-22T13:44:10+00:00","description":"Positionneurs PMV Disponible en configuration pneumatique (P5) ou \u00e9lectropneumatique (EP5). Choisissez entre l'antid\u00e9flagrant -EP5-EX, le gel -EP5-FS et la s\u00e9curit\u00e9 intrins\u00e8que -EP5-IS.","breadcrumb":{"@id":"https:\/\/cancoppas.com\/fr\/products\/postionneurs-p5-ep5\/#breadcrumb"},"inLanguage":"fr-FR","potentialAction":[{"@type":"ReadAction","target":["https:\/\/cancoppas.com\/fr\/products\/postionneurs-p5-ep5\/"]}]},{"@type":"BreadcrumbList","@id":"https:\/\/cancoppas.com\/fr\/products\/postionneurs-p5-ep5\/#breadcrumb","itemListElement":[{"@type":"ListItem","position":1,"name":"Home","item":"https:\/\/cancoppas.com\/fr\/"},{"@type":"ListItem","position":2,"name":"Boutique","item":"https:\/\/cancoppas.com\/shop\/"},{"@type":"ListItem","position":3,"name":"Positionneurs P5\/EP5"}]},{"@type":"WebSite","@id":"https:\/\/cancoppas.com\/fr\/#website","url":"https:\/\/cancoppas.com\/fr\/","name":"Cancoppas","description":"Cancoppas Process Solutions","potentialAction":[{"@type":"SearchAction","target":{"@type":"EntryPoint","urlTemplate":"https:\/\/cancoppas.com\/fr\/?s={search_term_string}"},"query-input":"required name=search_term_string"}],"inLanguage":"fr-FR"}]}},"_links":{"self":[{"href":"https:\/\/cancoppas.com\/fr\/wp-json\/wp\/v2\/product\/5409","targetHints":{"allow":["GET"]}}],"collection":[{"href":"https:\/\/cancoppas.com\/fr\/wp-json\/wp\/v2\/product"}],"about":[{"href":"https:\/\/cancoppas.com\/fr\/wp-json\/wp\/v2\/types\/product"}],"wp:featuredmedia":[{"embeddable":true,"href":"https:\/\/cancoppas.com\/fr\/wp-json\/wp\/v2\/media\/4140"}],"wp:attachment":[{"href":"https:\/\/cancoppas.com\/fr\/wp-json\/wp\/v2\/media?parent=5409"}],"wp:term":[{"taxonomy":"product_cat","embeddable":true,"href":"https:\/\/cancoppas.com\/fr\/wp-json\/wp\/v2\/product_cat?post=5409"},{"taxonomy":"product_tag","embeddable":true,"href":"https:\/\/cancoppas.com\/fr\/wp-json\/wp\/v2\/product_tag?post=5409"}],"curies":[{"name":"wp","href":"https:\/\/api.w.org\/{rel}","templated":true}]}}