{"id":5406,"date":"2022-09-20T16:18:20","date_gmt":"2022-09-20T16:18:20","guid":{"rendered":"https:\/\/cancoppas.com\/products\/d3-positionneur-numerique-2\/"},"modified":"2024-10-22T12:50:59","modified_gmt":"2024-10-22T12:50:59","slug":"d3-positionneur-numerique-2","status":"publish","type":"product","link":"https:\/\/cancoppas.com\/fr\/products\/d3-positionneur-numerique-2\/","title":{"rendered":"D3 Positionneur num\u00e9rique"},"content":{"rendered":"<div>\n<div><\/div>\n<\/div>\n<div><\/div>\n<div>\n<div><\/div>\n<div><\/div>\n<\/div>\n","protected":false},"excerpt":{"rendered":"<div>Le PMV D3 est un positionneur num\u00e9rique qui associe une capacit\u00e9 de d\u00e9bit d&rsquo;air \u00e9lev\u00e9e \u00e0 une faible consommation d&rsquo;air.<br \/>\nIl convient aux actionneurs lin\u00e9aires et rotatifs, \u00e0 simple ou double effet.<br \/>\nCinq touches et un grand \u00e9cran graphique facilitent la configuration et le r\u00e9glage du D3.<br \/>\nLe relais pneumatique est compos\u00e9 de valves pi\u00e9zo\u00e9lectriques et est fabriqu\u00e9 en plastique pour offrir une grande r\u00e9sistance \u00e0 la corrosion.<br \/>\nUn filtre rempla\u00e7able int\u00e9gr\u00e9 et facilement accessible est pr\u00e9vu pour assurer la durabilit\u00e9 de l&rsquo;appareil, ainsi qu&rsquo;un compartiment \u00e9tanche pour les bornes.<\/div>\n<div>La communication est possible via HART, Profibus PA et Foundation Fieldbus.<\/div>\n","protected":false},"featured_media":5104,"template":"","meta":{"_acf_changed":false},"product_cat":[204,203,201],"product_tag":[],"class_list":{"0":"post-5406","1":"product","2":"type-product","3":"status-publish","4":"has-post-thumbnail","6":"product_cat-digital-fr","7":"product_cat-positionneurs","8":"product_cat-controle-des-vannes","10":"first","11":"instock","12":"shipping-taxable","13":"product-type-simple"},"acf":[],"yoast_head":"<!-- This site is optimized with the Yoast SEO plugin v22.0 - https:\/\/yoast.com\/wordpress\/plugins\/seo\/ -->\n<title>D3 Positionneur num\u00e9rique - Cancoppas<\/title>\n<meta name=\"description\" content=\"PMV D3 est un positionneur num\u00e9rique antid\u00e9flagrant en acier inoxydable qui associe une grande capacit\u00e9 de d\u00e9bit d&#039;air \u00e0 une faible consommation d&#039;air.\" \/>\n<meta name=\"robots\" content=\"index, follow, max-snippet:-1, max-image-preview:large, max-video-preview:-1\" \/>\n<link rel=\"canonical\" href=\"https:\/\/cancoppas.com\/fr\/products\/d3-positionneur-numerique-2\/\" \/>\n<meta property=\"og:locale\" content=\"fr_FR\" \/>\n<meta property=\"og:type\" content=\"article\" \/>\n<meta property=\"og:title\" content=\"D3 Positionneur num\u00e9rique - Cancoppas\" \/>\n<meta property=\"og:description\" content=\"PMV D3 est un positionneur num\u00e9rique antid\u00e9flagrant en acier inoxydable qui associe une grande capacit\u00e9 de d\u00e9bit d&#039;air \u00e0 une faible consommation d&#039;air.\" \/>\n<meta property=\"og:url\" content=\"https:\/\/cancoppas.com\/fr\/products\/d3-positionneur-numerique-2\/\" \/>\n<meta property=\"og:site_name\" content=\"Cancoppas\" \/>\n<meta property=\"article:modified_time\" content=\"2024-10-22T12:50:59+00:00\" \/>\n<meta property=\"og:image\" content=\"https:\/\/cancoppas.com\/wp-content\/uploads\/2024\/06\/D3E_Stainless.jpg\" \/>\n\t<meta property=\"og:image:width\" content=\"644\" \/>\n\t<meta property=\"og:image:height\" content=\"498\" \/>\n\t<meta property=\"og:image:type\" content=\"image\/jpeg\" \/>\n<meta name=\"twitter:card\" content=\"summary_large_image\" \/>\n<meta name=\"twitter:label1\" content=\"Dur\u00e9e de lecture estim\u00e9e\" \/>\n\t<meta name=\"twitter:data1\" content=\"1 minute\" \/>\n<script type=\"application\/ld+json\" class=\"yoast-schema-graph\">{\"@context\":\"https:\/\/schema.org\",\"@graph\":[{\"@type\":\"WebPage\",\"@id\":\"https:\/\/cancoppas.com\/fr\/products\/d3-positionneur-numerique-2\/\",\"url\":\"https:\/\/cancoppas.com\/fr\/products\/d3-positionneur-numerique-2\/\",\"name\":\"D3 Positionneur num\u00e9rique - Cancoppas\",\"isPartOf\":{\"@id\":\"https:\/\/cancoppas.com\/fr\/#website\"},\"datePublished\":\"2022-09-20T16:18:20+00:00\",\"dateModified\":\"2024-10-22T12:50:59+00:00\",\"description\":\"PMV D3 est un positionneur num\u00e9rique antid\u00e9flagrant en acier inoxydable qui associe une grande capacit\u00e9 de d\u00e9bit d'air \u00e0 une faible consommation d'air.\",\"breadcrumb\":{\"@id\":\"https:\/\/cancoppas.com\/fr\/products\/d3-positionneur-numerique-2\/#breadcrumb\"},\"inLanguage\":\"fr-FR\",\"potentialAction\":[{\"@type\":\"ReadAction\",\"target\":[\"https:\/\/cancoppas.com\/fr\/products\/d3-positionneur-numerique-2\/\"]}]},{\"@type\":\"BreadcrumbList\",\"@id\":\"https:\/\/cancoppas.com\/fr\/products\/d3-positionneur-numerique-2\/#breadcrumb\",\"itemListElement\":[{\"@type\":\"ListItem\",\"position\":1,\"name\":\"Home\",\"item\":\"https:\/\/cancoppas.com\/fr\/\"},{\"@type\":\"ListItem\",\"position\":2,\"name\":\"Boutique\",\"item\":\"https:\/\/cancoppas.com\/shop\/\"},{\"@type\":\"ListItem\",\"position\":3,\"name\":\"D3 Positionneur num\u00e9rique\"}]},{\"@type\":\"WebSite\",\"@id\":\"https:\/\/cancoppas.com\/fr\/#website\",\"url\":\"https:\/\/cancoppas.com\/fr\/\",\"name\":\"Cancoppas\",\"description\":\"Cancoppas Process Solutions\",\"potentialAction\":[{\"@type\":\"SearchAction\",\"target\":{\"@type\":\"EntryPoint\",\"urlTemplate\":\"https:\/\/cancoppas.com\/fr\/?s={search_term_string}\"},\"query-input\":\"required name=search_term_string\"}],\"inLanguage\":\"fr-FR\"}]}<\/script>\n<!-- \/ Yoast SEO plugin. -->","yoast_head_json":{"title":"D3 Positionneur num\u00e9rique - Cancoppas","description":"PMV D3 est un positionneur num\u00e9rique antid\u00e9flagrant en acier inoxydable qui associe une grande capacit\u00e9 de d\u00e9bit d'air \u00e0 une faible consommation d'air.","robots":{"index":"index","follow":"follow","max-snippet":"max-snippet:-1","max-image-preview":"max-image-preview:large","max-video-preview":"max-video-preview:-1"},"canonical":"https:\/\/cancoppas.com\/fr\/products\/d3-positionneur-numerique-2\/","og_locale":"fr_FR","og_type":"article","og_title":"D3 Positionneur num\u00e9rique - Cancoppas","og_description":"PMV D3 est un positionneur num\u00e9rique antid\u00e9flagrant en acier inoxydable qui associe une grande capacit\u00e9 de d\u00e9bit d'air \u00e0 une faible consommation d'air.","og_url":"https:\/\/cancoppas.com\/fr\/products\/d3-positionneur-numerique-2\/","og_site_name":"Cancoppas","article_modified_time":"2024-10-22T12:50:59+00:00","og_image":[{"width":644,"height":498,"url":"https:\/\/cancoppas.com\/wp-content\/uploads\/2024\/06\/D3E_Stainless.jpg","type":"image\/jpeg"}],"twitter_card":"summary_large_image","twitter_misc":{"Dur\u00e9e de lecture estim\u00e9e":"1 minute"},"schema":{"@context":"https:\/\/schema.org","@graph":[{"@type":"WebPage","@id":"https:\/\/cancoppas.com\/fr\/products\/d3-positionneur-numerique-2\/","url":"https:\/\/cancoppas.com\/fr\/products\/d3-positionneur-numerique-2\/","name":"D3 Positionneur num\u00e9rique - Cancoppas","isPartOf":{"@id":"https:\/\/cancoppas.com\/fr\/#website"},"datePublished":"2022-09-20T16:18:20+00:00","dateModified":"2024-10-22T12:50:59+00:00","description":"PMV D3 est un positionneur num\u00e9rique antid\u00e9flagrant en acier inoxydable qui associe une grande capacit\u00e9 de d\u00e9bit d'air \u00e0 une faible consommation d'air.","breadcrumb":{"@id":"https:\/\/cancoppas.com\/fr\/products\/d3-positionneur-numerique-2\/#breadcrumb"},"inLanguage":"fr-FR","potentialAction":[{"@type":"ReadAction","target":["https:\/\/cancoppas.com\/fr\/products\/d3-positionneur-numerique-2\/"]}]},{"@type":"BreadcrumbList","@id":"https:\/\/cancoppas.com\/fr\/products\/d3-positionneur-numerique-2\/#breadcrumb","itemListElement":[{"@type":"ListItem","position":1,"name":"Home","item":"https:\/\/cancoppas.com\/fr\/"},{"@type":"ListItem","position":2,"name":"Boutique","item":"https:\/\/cancoppas.com\/shop\/"},{"@type":"ListItem","position":3,"name":"D3 Positionneur num\u00e9rique"}]},{"@type":"WebSite","@id":"https:\/\/cancoppas.com\/fr\/#website","url":"https:\/\/cancoppas.com\/fr\/","name":"Cancoppas","description":"Cancoppas Process Solutions","potentialAction":[{"@type":"SearchAction","target":{"@type":"EntryPoint","urlTemplate":"https:\/\/cancoppas.com\/fr\/?s={search_term_string}"},"query-input":"required name=search_term_string"}],"inLanguage":"fr-FR"}]}},"_links":{"self":[{"href":"https:\/\/cancoppas.com\/fr\/wp-json\/wp\/v2\/product\/5406","targetHints":{"allow":["GET"]}}],"collection":[{"href":"https:\/\/cancoppas.com\/fr\/wp-json\/wp\/v2\/product"}],"about":[{"href":"https:\/\/cancoppas.com\/fr\/wp-json\/wp\/v2\/types\/product"}],"wp:featuredmedia":[{"embeddable":true,"href":"https:\/\/cancoppas.com\/fr\/wp-json\/wp\/v2\/media\/5104"}],"wp:attachment":[{"href":"https:\/\/cancoppas.com\/fr\/wp-json\/wp\/v2\/media?parent=5406"}],"wp:term":[{"taxonomy":"product_cat","embeddable":true,"href":"https:\/\/cancoppas.com\/fr\/wp-json\/wp\/v2\/product_cat?post=5406"},{"taxonomy":"product_tag","embeddable":true,"href":"https:\/\/cancoppas.com\/fr\/wp-json\/wp\/v2\/product_tag?post=5406"}],"curies":[{"name":"wp","href":"https:\/\/api.w.org\/{rel}","templated":true}]}}