{"id":5387,"date":"2023-08-16T17:54:10","date_gmt":"2023-08-16T17:54:10","guid":{"rendered":"https:\/\/cancoppas.com\/products\/easy-sense\/"},"modified":"2024-08-14T16:21:50","modified_gmt":"2024-08-14T16:21:50","slug":"easy-sense","status":"publish","type":"product","link":"https:\/\/cancoppas.com\/fr\/products\/easy-sense\/","title":{"rendered":"Easy Sense"},"content":{"rendered":"","protected":false},"excerpt":{"rendered":"<p>Validyne &#8211; Easy Sense 2100 est disponible pour une utilisation avec l&rsquo;UPC2100.<br \/>\nEasy Sense 225x est utilis\u00e9 avec le syst\u00e8me d&rsquo;acquisition de donn\u00e9es universel (UDAS) ou l&rsquo;USB2251.<br \/>\nLe logiciel comprend un utilitaire de configuration GUI qui permet \u00e0 l&rsquo;utilisateur de d\u00e9finir le type de capteur, la plage de gain, le canal et tous les autres param\u00e8tres d&rsquo;entr\u00e9e.<br \/>\nLa configuration peut \u00eatre sauvegard\u00e9e dans la m\u00e9moire non volatile de la carte afin que l&rsquo;UP2100 ou l&rsquo;UDAS puissent \u00eatre utilis\u00e9s dans des applications embarqu\u00e9es.<br \/>\nLe logiciel d&rsquo;acquisition de donn\u00e9es Easy Sense enregistre \u00e9galement en temps r\u00e9el les donn\u00e9es du capteur dans une feuille de calcul ou un fichier ASCII.<br \/>\nLes capacit\u00e9s graphiques incluses dans la version Premium permettent \u00e0 l&rsquo;utilisateur de tracer un graphique YT ou XY.<br \/>\nLa fonction de d\u00e9clenchement est \u00e9galement incluse dans la version Premium d&rsquo;Easy Sense.      <\/p>\n","protected":false},"featured_media":4547,"template":"","meta":{"_acf_changed":false},"product_cat":[289,296],"product_tag":[],"class_list":{"0":"post-5387","1":"product","2":"type-product","3":"status-publish","4":"has-post-thumbnail","6":"product_cat-logiciel-2","7":"product_cat-validyne-fr","9":"first","10":"instock","11":"shipping-taxable","12":"product-type-simple"},"acf":[],"yoast_head":"<!-- This site is optimized with the Yoast SEO plugin v22.0 - https:\/\/yoast.com\/wordpress\/plugins\/seo\/ -->\n<title>Easy Sense - Cancoppas<\/title>\n<meta name=\"description\" content=\"Le logiciel Validyne Easy Sense comprend un utilitaire de configuration GUI qui permet \u00e0 l&#039;utilisateur de d\u00e9finir le type de capteur, la plage de gain, le canal et d&#039;autres param\u00e8tres d&#039;entr\u00e9e.\" \/>\n<meta name=\"robots\" content=\"index, follow, max-snippet:-1, max-image-preview:large, max-video-preview:-1\" \/>\n<link rel=\"canonical\" href=\"https:\/\/cancoppas.com\/fr\/products\/easy-sense\/\" \/>\n<meta property=\"og:locale\" content=\"fr_FR\" \/>\n<meta property=\"og:type\" content=\"article\" \/>\n<meta property=\"og:title\" content=\"Easy Sense - Cancoppas\" \/>\n<meta property=\"og:description\" content=\"Le logiciel Validyne Easy Sense comprend un utilitaire de configuration GUI qui permet \u00e0 l&#039;utilisateur de d\u00e9finir le type de capteur, la plage de gain, le canal et d&#039;autres param\u00e8tres d&#039;entr\u00e9e.\" \/>\n<meta property=\"og:url\" content=\"https:\/\/cancoppas.com\/fr\/products\/easy-sense\/\" \/>\n<meta property=\"og:site_name\" content=\"Cancoppas\" \/>\n<meta property=\"article:modified_time\" content=\"2024-08-14T16:21:50+00:00\" \/>\n<meta property=\"og:image\" content=\"https:\/\/cancoppas.com\/wp-content\/uploads\/2023\/08\/CAN_easysense2250_600x600.jpg\" \/>\n\t<meta property=\"og:image:width\" content=\"600\" \/>\n\t<meta property=\"og:image:height\" content=\"600\" \/>\n\t<meta property=\"og:image:type\" content=\"image\/jpeg\" \/>\n<meta name=\"twitter:card\" content=\"summary_large_image\" \/>\n<script type=\"application\/ld+json\" class=\"yoast-schema-graph\">{\"@context\":\"https:\/\/schema.org\",\"@graph\":[{\"@type\":\"WebPage\",\"@id\":\"https:\/\/cancoppas.com\/fr\/products\/easy-sense\/\",\"url\":\"https:\/\/cancoppas.com\/fr\/products\/easy-sense\/\",\"name\":\"Easy Sense - Cancoppas\",\"isPartOf\":{\"@id\":\"https:\/\/cancoppas.com\/fr\/#website\"},\"datePublished\":\"2023-08-16T17:54:10+00:00\",\"dateModified\":\"2024-08-14T16:21:50+00:00\",\"description\":\"Le logiciel Validyne Easy Sense comprend un utilitaire de configuration GUI qui permet \u00e0 l'utilisateur de d\u00e9finir le type de capteur, la plage de gain, le canal et d'autres param\u00e8tres d'entr\u00e9e.\",\"breadcrumb\":{\"@id\":\"https:\/\/cancoppas.com\/fr\/products\/easy-sense\/#breadcrumb\"},\"inLanguage\":\"fr-FR\",\"potentialAction\":[{\"@type\":\"ReadAction\",\"target\":[\"https:\/\/cancoppas.com\/fr\/products\/easy-sense\/\"]}]},{\"@type\":\"BreadcrumbList\",\"@id\":\"https:\/\/cancoppas.com\/fr\/products\/easy-sense\/#breadcrumb\",\"itemListElement\":[{\"@type\":\"ListItem\",\"position\":1,\"name\":\"Home\",\"item\":\"https:\/\/cancoppas.com\/fr\/\"},{\"@type\":\"ListItem\",\"position\":2,\"name\":\"Boutique\",\"item\":\"https:\/\/cancoppas.com\/shop\/\"},{\"@type\":\"ListItem\",\"position\":3,\"name\":\"Easy Sense\"}]},{\"@type\":\"WebSite\",\"@id\":\"https:\/\/cancoppas.com\/fr\/#website\",\"url\":\"https:\/\/cancoppas.com\/fr\/\",\"name\":\"Cancoppas\",\"description\":\"Cancoppas Process Solutions\",\"potentialAction\":[{\"@type\":\"SearchAction\",\"target\":{\"@type\":\"EntryPoint\",\"urlTemplate\":\"https:\/\/cancoppas.com\/fr\/?s={search_term_string}\"},\"query-input\":\"required name=search_term_string\"}],\"inLanguage\":\"fr-FR\"}]}<\/script>\n<!-- \/ Yoast SEO plugin. -->","yoast_head_json":{"title":"Easy Sense - Cancoppas","description":"Le logiciel Validyne Easy Sense comprend un utilitaire de configuration GUI qui permet \u00e0 l'utilisateur de d\u00e9finir le type de capteur, la plage de gain, le canal et d'autres param\u00e8tres d'entr\u00e9e.","robots":{"index":"index","follow":"follow","max-snippet":"max-snippet:-1","max-image-preview":"max-image-preview:large","max-video-preview":"max-video-preview:-1"},"canonical":"https:\/\/cancoppas.com\/fr\/products\/easy-sense\/","og_locale":"fr_FR","og_type":"article","og_title":"Easy Sense - Cancoppas","og_description":"Le logiciel Validyne Easy Sense comprend un utilitaire de configuration GUI qui permet \u00e0 l'utilisateur de d\u00e9finir le type de capteur, la plage de gain, le canal et d'autres param\u00e8tres d'entr\u00e9e.","og_url":"https:\/\/cancoppas.com\/fr\/products\/easy-sense\/","og_site_name":"Cancoppas","article_modified_time":"2024-08-14T16:21:50+00:00","og_image":[{"width":600,"height":600,"url":"https:\/\/cancoppas.com\/wp-content\/uploads\/2023\/08\/CAN_easysense2250_600x600.jpg","type":"image\/jpeg"}],"twitter_card":"summary_large_image","schema":{"@context":"https:\/\/schema.org","@graph":[{"@type":"WebPage","@id":"https:\/\/cancoppas.com\/fr\/products\/easy-sense\/","url":"https:\/\/cancoppas.com\/fr\/products\/easy-sense\/","name":"Easy Sense - Cancoppas","isPartOf":{"@id":"https:\/\/cancoppas.com\/fr\/#website"},"datePublished":"2023-08-16T17:54:10+00:00","dateModified":"2024-08-14T16:21:50+00:00","description":"Le logiciel Validyne Easy Sense comprend un utilitaire de configuration GUI qui permet \u00e0 l'utilisateur de d\u00e9finir le type de capteur, la plage de gain, le canal et d'autres param\u00e8tres d'entr\u00e9e.","breadcrumb":{"@id":"https:\/\/cancoppas.com\/fr\/products\/easy-sense\/#breadcrumb"},"inLanguage":"fr-FR","potentialAction":[{"@type":"ReadAction","target":["https:\/\/cancoppas.com\/fr\/products\/easy-sense\/"]}]},{"@type":"BreadcrumbList","@id":"https:\/\/cancoppas.com\/fr\/products\/easy-sense\/#breadcrumb","itemListElement":[{"@type":"ListItem","position":1,"name":"Home","item":"https:\/\/cancoppas.com\/fr\/"},{"@type":"ListItem","position":2,"name":"Boutique","item":"https:\/\/cancoppas.com\/shop\/"},{"@type":"ListItem","position":3,"name":"Easy Sense"}]},{"@type":"WebSite","@id":"https:\/\/cancoppas.com\/fr\/#website","url":"https:\/\/cancoppas.com\/fr\/","name":"Cancoppas","description":"Cancoppas Process Solutions","potentialAction":[{"@type":"SearchAction","target":{"@type":"EntryPoint","urlTemplate":"https:\/\/cancoppas.com\/fr\/?s={search_term_string}"},"query-input":"required name=search_term_string"}],"inLanguage":"fr-FR"}]}},"_links":{"self":[{"href":"https:\/\/cancoppas.com\/fr\/wp-json\/wp\/v2\/product\/5387","targetHints":{"allow":["GET"]}}],"collection":[{"href":"https:\/\/cancoppas.com\/fr\/wp-json\/wp\/v2\/product"}],"about":[{"href":"https:\/\/cancoppas.com\/fr\/wp-json\/wp\/v2\/types\/product"}],"wp:featuredmedia":[{"embeddable":true,"href":"https:\/\/cancoppas.com\/fr\/wp-json\/wp\/v2\/media\/4547"}],"wp:attachment":[{"href":"https:\/\/cancoppas.com\/fr\/wp-json\/wp\/v2\/media?parent=5387"}],"wp:term":[{"taxonomy":"product_cat","embeddable":true,"href":"https:\/\/cancoppas.com\/fr\/wp-json\/wp\/v2\/product_cat?post=5387"},{"taxonomy":"product_tag","embeddable":true,"href":"https:\/\/cancoppas.com\/fr\/wp-json\/wp\/v2\/product_tag?post=5387"}],"curies":[{"name":"wp","href":"https:\/\/api.w.org\/{rel}","templated":true}]}}