{"id":5375,"date":"2023-08-04T17:43:09","date_gmt":"2023-08-04T17:43:09","guid":{"rendered":"https:\/\/cancoppas.com\/products\/resinview\/"},"modified":"2024-10-22T17:13:09","modified_gmt":"2024-10-22T17:13:09","slug":"resinview","status":"publish","type":"product","link":"https:\/\/cancoppas.com\/fr\/products\/resinview\/","title":{"rendered":"ResinView\u00ae"},"content":{"rendered":"","protected":false},"excerpt":{"rendered":"<p>BinMaster &#8211; ResinView\u00ae est une application Cloud et un syst\u00e8me d&rsquo;inventaire SaaS pour la surveillance sur site ou \u00e0 distance des stocks de granul\u00e9s, flocons, poudres, r\u00e9sines liqu\u00e9fi\u00e9es ou plastifiants stock\u00e9s dans des r\u00e9servoirs ou des silos.<br \/>\nIl est compatible avec la plupart des capteurs de niveau continu dot\u00e9s d&rsquo;une sortie analogique 4-20 mA ou Modbus RTU.<br \/>\nLes employ\u00e9s de l&rsquo;usine et le personnel charg\u00e9 des achats re\u00e7oivent des alertes automatis\u00e9es et b\u00e9n\u00e9ficient d&rsquo;un affichage des donn\u00e9es d&rsquo;inventaire actualis\u00e9 en permanence.<br \/>\nLe tableau de bord simple de ResinView\u00ae facilite la visualisation et le partage de l&rsquo;\u00e9tat des stocks avec plusieurs usines, le si\u00e8ge social et les fournisseurs.<br \/>\nL&rsquo;interface utilisateur intuitive de ResinView\u00ae est optimis\u00e9e pour les ordinateurs de bureau et les appareils mobiles.<br \/>\nIl existe \u00e9galement l&rsquo;application BinCloud\u00ae pour des vues rapides de votre inventaire sur votre t\u00e9l\u00e9phone.<br \/>\nResinView\u00ae garde vos donn\u00e9es \u00e0 jour, s\u00fbres et s\u00e9curis\u00e9es.<br \/>\nLes administrateurs d\u00e9finissent et contr\u00f4lent les privil\u00e8ges bas\u00e9s sur les r\u00f4les, ce qui permet \u00e0 plusieurs utilisateurs, fournisseurs ou vendeurs d&rsquo;acc\u00e9der aux informations, tout en les prot\u00e9geant contre les modifications non autoris\u00e9es du syst\u00e8me.<\/p>\n","protected":false},"featured_media":4498,"template":"","meta":{"_acf_changed":false},"product_cat":[291,289],"product_tag":[],"class_list":{"0":"post-5375","1":"product","2":"type-product","3":"status-publish","4":"has-post-thumbnail","6":"product_cat-binmaster-fr","7":"product_cat-logiciel-2","9":"first","10":"instock","11":"shipping-taxable","12":"product-type-simple"},"acf":[],"yoast_head":"<!-- This site is optimized with the Yoast SEO plugin v22.0 - https:\/\/yoast.com\/wordpress\/plugins\/seo\/ -->\n<title>ResinView\u00ae - Cancoppas<\/title>\n<meta name=\"description\" content=\"BinMaster ResinView Syst\u00e8me d&#039;inventaire pour le contr\u00f4le sur site ou \u00e0 distance des stocks de granul\u00e9s, flocons, poudres ou r\u00e9sines liquides ou plastifiants stock\u00e9s dans des r\u00e9servoirs ou des silos.\" \/>\n<meta name=\"robots\" content=\"index, follow, max-snippet:-1, max-image-preview:large, max-video-preview:-1\" \/>\n<link rel=\"canonical\" href=\"https:\/\/cancoppas.com\/fr\/products\/resinview\/\" \/>\n<meta property=\"og:locale\" content=\"fr_FR\" \/>\n<meta property=\"og:type\" content=\"article\" \/>\n<meta property=\"og:title\" content=\"ResinView\u00ae - Cancoppas\" \/>\n<meta property=\"og:description\" content=\"BinMaster ResinView Syst\u00e8me d&#039;inventaire pour le contr\u00f4le sur site ou \u00e0 distance des stocks de granul\u00e9s, flocons, poudres ou r\u00e9sines liquides ou plastifiants stock\u00e9s dans des r\u00e9servoirs ou des silos.\" \/>\n<meta property=\"og:url\" content=\"https:\/\/cancoppas.com\/fr\/products\/resinview\/\" \/>\n<meta property=\"og:site_name\" content=\"Cancoppas\" \/>\n<meta property=\"article:modified_time\" content=\"2024-10-22T17:13:09+00:00\" \/>\n<meta property=\"og:image\" content=\"https:\/\/cancoppas.com\/wp-content\/uploads\/2023\/08\/CAN_-Laptop-ipad-e1691163723469.png\" \/>\n\t<meta property=\"og:image:width\" content=\"1000\" \/>\n\t<meta property=\"og:image:height\" content=\"686\" \/>\n\t<meta property=\"og:image:type\" content=\"image\/png\" \/>\n<meta name=\"twitter:card\" content=\"summary_large_image\" \/>\n<meta name=\"twitter:label1\" content=\"Dur\u00e9e de lecture estim\u00e9e\" \/>\n\t<meta name=\"twitter:data1\" content=\"1 minute\" \/>\n<script type=\"application\/ld+json\" class=\"yoast-schema-graph\">{\"@context\":\"https:\/\/schema.org\",\"@graph\":[{\"@type\":\"WebPage\",\"@id\":\"https:\/\/cancoppas.com\/fr\/products\/resinview\/\",\"url\":\"https:\/\/cancoppas.com\/fr\/products\/resinview\/\",\"name\":\"ResinView\u00ae - Cancoppas\",\"isPartOf\":{\"@id\":\"https:\/\/cancoppas.com\/fr\/#website\"},\"datePublished\":\"2023-08-04T17:43:09+00:00\",\"dateModified\":\"2024-10-22T17:13:09+00:00\",\"description\":\"BinMaster ResinView Syst\u00e8me d'inventaire pour le contr\u00f4le sur site ou \u00e0 distance des stocks de granul\u00e9s, flocons, poudres ou r\u00e9sines liquides ou plastifiants stock\u00e9s dans des r\u00e9servoirs ou des silos.\",\"breadcrumb\":{\"@id\":\"https:\/\/cancoppas.com\/fr\/products\/resinview\/#breadcrumb\"},\"inLanguage\":\"fr-FR\",\"potentialAction\":[{\"@type\":\"ReadAction\",\"target\":[\"https:\/\/cancoppas.com\/fr\/products\/resinview\/\"]}]},{\"@type\":\"BreadcrumbList\",\"@id\":\"https:\/\/cancoppas.com\/fr\/products\/resinview\/#breadcrumb\",\"itemListElement\":[{\"@type\":\"ListItem\",\"position\":1,\"name\":\"Home\",\"item\":\"https:\/\/cancoppas.com\/fr\/\"},{\"@type\":\"ListItem\",\"position\":2,\"name\":\"Boutique\",\"item\":\"https:\/\/cancoppas.com\/shop\/\"},{\"@type\":\"ListItem\",\"position\":3,\"name\":\"ResinView\u00ae\"}]},{\"@type\":\"WebSite\",\"@id\":\"https:\/\/cancoppas.com\/fr\/#website\",\"url\":\"https:\/\/cancoppas.com\/fr\/\",\"name\":\"Cancoppas\",\"description\":\"Cancoppas Process Solutions\",\"potentialAction\":[{\"@type\":\"SearchAction\",\"target\":{\"@type\":\"EntryPoint\",\"urlTemplate\":\"https:\/\/cancoppas.com\/fr\/?s={search_term_string}\"},\"query-input\":\"required name=search_term_string\"}],\"inLanguage\":\"fr-FR\"}]}<\/script>\n<!-- \/ Yoast SEO plugin. -->","yoast_head_json":{"title":"ResinView\u00ae - Cancoppas","description":"BinMaster ResinView Syst\u00e8me d'inventaire pour le contr\u00f4le sur site ou \u00e0 distance des stocks de granul\u00e9s, flocons, poudres ou r\u00e9sines liquides ou plastifiants stock\u00e9s dans des r\u00e9servoirs ou des silos.","robots":{"index":"index","follow":"follow","max-snippet":"max-snippet:-1","max-image-preview":"max-image-preview:large","max-video-preview":"max-video-preview:-1"},"canonical":"https:\/\/cancoppas.com\/fr\/products\/resinview\/","og_locale":"fr_FR","og_type":"article","og_title":"ResinView\u00ae - Cancoppas","og_description":"BinMaster ResinView Syst\u00e8me d'inventaire pour le contr\u00f4le sur site ou \u00e0 distance des stocks de granul\u00e9s, flocons, poudres ou r\u00e9sines liquides ou plastifiants stock\u00e9s dans des r\u00e9servoirs ou des silos.","og_url":"https:\/\/cancoppas.com\/fr\/products\/resinview\/","og_site_name":"Cancoppas","article_modified_time":"2024-10-22T17:13:09+00:00","og_image":[{"width":1000,"height":686,"url":"https:\/\/cancoppas.com\/wp-content\/uploads\/2023\/08\/CAN_-Laptop-ipad-e1691163723469.png","type":"image\/png"}],"twitter_card":"summary_large_image","twitter_misc":{"Dur\u00e9e de lecture estim\u00e9e":"1 minute"},"schema":{"@context":"https:\/\/schema.org","@graph":[{"@type":"WebPage","@id":"https:\/\/cancoppas.com\/fr\/products\/resinview\/","url":"https:\/\/cancoppas.com\/fr\/products\/resinview\/","name":"ResinView\u00ae - Cancoppas","isPartOf":{"@id":"https:\/\/cancoppas.com\/fr\/#website"},"datePublished":"2023-08-04T17:43:09+00:00","dateModified":"2024-10-22T17:13:09+00:00","description":"BinMaster ResinView Syst\u00e8me d'inventaire pour le contr\u00f4le sur site ou \u00e0 distance des stocks de granul\u00e9s, flocons, poudres ou r\u00e9sines liquides ou plastifiants stock\u00e9s dans des r\u00e9servoirs ou des silos.","breadcrumb":{"@id":"https:\/\/cancoppas.com\/fr\/products\/resinview\/#breadcrumb"},"inLanguage":"fr-FR","potentialAction":[{"@type":"ReadAction","target":["https:\/\/cancoppas.com\/fr\/products\/resinview\/"]}]},{"@type":"BreadcrumbList","@id":"https:\/\/cancoppas.com\/fr\/products\/resinview\/#breadcrumb","itemListElement":[{"@type":"ListItem","position":1,"name":"Home","item":"https:\/\/cancoppas.com\/fr\/"},{"@type":"ListItem","position":2,"name":"Boutique","item":"https:\/\/cancoppas.com\/shop\/"},{"@type":"ListItem","position":3,"name":"ResinView\u00ae"}]},{"@type":"WebSite","@id":"https:\/\/cancoppas.com\/fr\/#website","url":"https:\/\/cancoppas.com\/fr\/","name":"Cancoppas","description":"Cancoppas Process Solutions","potentialAction":[{"@type":"SearchAction","target":{"@type":"EntryPoint","urlTemplate":"https:\/\/cancoppas.com\/fr\/?s={search_term_string}"},"query-input":"required name=search_term_string"}],"inLanguage":"fr-FR"}]}},"_links":{"self":[{"href":"https:\/\/cancoppas.com\/fr\/wp-json\/wp\/v2\/product\/5375","targetHints":{"allow":["GET"]}}],"collection":[{"href":"https:\/\/cancoppas.com\/fr\/wp-json\/wp\/v2\/product"}],"about":[{"href":"https:\/\/cancoppas.com\/fr\/wp-json\/wp\/v2\/types\/product"}],"wp:featuredmedia":[{"embeddable":true,"href":"https:\/\/cancoppas.com\/fr\/wp-json\/wp\/v2\/media\/4498"}],"wp:attachment":[{"href":"https:\/\/cancoppas.com\/fr\/wp-json\/wp\/v2\/media?parent=5375"}],"wp:term":[{"taxonomy":"product_cat","embeddable":true,"href":"https:\/\/cancoppas.com\/fr\/wp-json\/wp\/v2\/product_cat?post=5375"},{"taxonomy":"product_tag","embeddable":true,"href":"https:\/\/cancoppas.com\/fr\/wp-json\/wp\/v2\/product_tag?post=5375"}],"curies":[{"name":"wp","href":"https:\/\/api.w.org\/{rel}","templated":true}]}}