{"id":5319,"date":"2022-09-19T00:22:43","date_gmt":"2022-09-19T00:22:43","guid":{"rendered":"https:\/\/cancoppas.com\/products\/monniveau\/"},"modified":"2026-01-08T19:13:28","modified_gmt":"2026-01-08T19:13:28","slug":"mylevel","status":"publish","type":"product","link":"https:\/\/cancoppas.com\/fr\/products\/mylevel\/","title":{"rendered":"MyLevel"},"content":{"rendered":"","protected":false},"excerpt":{"rendered":"<p><strong>MyLevel-L<\/strong>, le tout nouveau moniteur d&rsquo;\u00e9gout de Mission Communications, est une solution aliment\u00e9e par batterie et connect\u00e9e \u00e0 un r\u00e9seau cellulaire qui fournit <strong>des mesures de niveau \u00e0 ultrasons<\/strong> pr\u00e9cises et sans probl\u00e8me.<br \/>\nCon\u00e7u pour des environnements vari\u00e9s, <strong>MyLevel<\/strong> garantit une grande fiabilit\u00e9 et une connectivit\u00e9 sans faille, vous fournissant des informations en temps r\u00e9el lorsque vous en avez besoin.<br \/>\nUn flotteur de 3 m\u00e8tres est inclus pour d\u00e9tecter lorsque le niveau est tr\u00e8s \u00e9lev\u00e9.<br \/>\nDe plus, un mod\u00e8le utilisant uniquement des flottes, <strong>Mylevel-F<\/strong> , est \u00e9galement disponible.<\/p>\n","protected":false},"featured_media":5107,"template":"","meta":{"_acf_changed":false},"product_cat":[270,276,275,306,308,309,206,200],"product_tag":[],"class_list":{"0":"post-5319","1":"product","2":"type-product","3":"status-publish","4":"has-post-thumbnail","6":"product_cat-liquides","7":"product_cat-contact-fr-3","8":"product_cat-niveau-du-point-fr","9":"product_cat-connectivite-web","10":"product_cat-scada-fr","11":"product_cat-communication-fr","12":"product_cat-niveau","13":"product_cat-sans-fil","15":"first","16":"instock","17":"shipping-taxable","18":"product-type-simple"},"acf":[],"yoast_head":"<!-- This site is optimized with the Yoast SEO plugin v22.0 - https:\/\/yoast.com\/wordpress\/plugins\/seo\/ -->\n<title>MyLevel - Cancoppas<\/title>\n<meta name=\"description\" content=\"Mission Communications suivi des surcharges et des d\u00e9bordements des regards - Les flotteurs bascul\u00e9s par les surcharges et les niveaux \u00e9lev\u00e9s signalent aux serveurs de Mission de lancer des notifications par le biais de plusieurs m\u00e9thodes.\" \/>\n<meta name=\"robots\" content=\"index, follow, max-snippet:-1, max-image-preview:large, max-video-preview:-1\" \/>\n<link rel=\"canonical\" href=\"https:\/\/cancoppas.com\/fr\/products\/mylevel\/\" \/>\n<meta property=\"og:locale\" content=\"fr_FR\" \/>\n<meta property=\"og:type\" content=\"article\" \/>\n<meta property=\"og:title\" content=\"MyLevel - Cancoppas\" \/>\n<meta property=\"og:description\" content=\"Mission Communications suivi des surcharges et des d\u00e9bordements des regards - Les flotteurs bascul\u00e9s par les surcharges et les niveaux \u00e9lev\u00e9s signalent aux serveurs de Mission de lancer des notifications par le biais de plusieurs m\u00e9thodes.\" \/>\n<meta property=\"og:url\" content=\"https:\/\/cancoppas.com\/fr\/products\/mylevel\/\" \/>\n<meta property=\"og:site_name\" content=\"Cancoppas\" \/>\n<meta property=\"article:modified_time\" content=\"2026-01-08T19:13:28+00:00\" \/>\n<meta property=\"og:image\" content=\"https:\/\/cancoppas.com\/wp-content\/uploads\/2022\/09\/MyLevel-Float.png\" \/>\n\t<meta property=\"og:image:width\" content=\"459\" \/>\n\t<meta property=\"og:image:height\" content=\"459\" \/>\n\t<meta property=\"og:image:type\" content=\"image\/png\" \/>\n<meta name=\"twitter:card\" content=\"summary_large_image\" \/>\n<meta name=\"twitter:label1\" content=\"Dur\u00e9e de lecture estim\u00e9e\" \/>\n\t<meta name=\"twitter:data1\" content=\"1 minute\" \/>\n<script type=\"application\/ld+json\" class=\"yoast-schema-graph\">{\"@context\":\"https:\/\/schema.org\",\"@graph\":[{\"@type\":\"WebPage\",\"@id\":\"https:\/\/cancoppas.com\/fr\/products\/mylevel\/\",\"url\":\"https:\/\/cancoppas.com\/fr\/products\/mylevel\/\",\"name\":\"MyLevel - Cancoppas\",\"isPartOf\":{\"@id\":\"https:\/\/cancoppas.com\/fr\/#website\"},\"datePublished\":\"2022-09-19T00:22:43+00:00\",\"dateModified\":\"2026-01-08T19:13:28+00:00\",\"description\":\"Mission Communications suivi des surcharges et des d\u00e9bordements des regards - Les flotteurs bascul\u00e9s par les surcharges et les niveaux \u00e9lev\u00e9s signalent aux serveurs de Mission de lancer des notifications par le biais de plusieurs m\u00e9thodes.\",\"breadcrumb\":{\"@id\":\"https:\/\/cancoppas.com\/fr\/products\/mylevel\/#breadcrumb\"},\"inLanguage\":\"fr-FR\",\"potentialAction\":[{\"@type\":\"ReadAction\",\"target\":[\"https:\/\/cancoppas.com\/fr\/products\/mylevel\/\"]}]},{\"@type\":\"BreadcrumbList\",\"@id\":\"https:\/\/cancoppas.com\/fr\/products\/mylevel\/#breadcrumb\",\"itemListElement\":[{\"@type\":\"ListItem\",\"position\":1,\"name\":\"Home\",\"item\":\"https:\/\/cancoppas.com\/fr\/\"},{\"@type\":\"ListItem\",\"position\":2,\"name\":\"Boutique\",\"item\":\"https:\/\/cancoppas.com\/shop\/\"},{\"@type\":\"ListItem\",\"position\":3,\"name\":\"MyLevel\"}]},{\"@type\":\"WebSite\",\"@id\":\"https:\/\/cancoppas.com\/fr\/#website\",\"url\":\"https:\/\/cancoppas.com\/fr\/\",\"name\":\"Cancoppas\",\"description\":\"Cancoppas Process Solutions\",\"potentialAction\":[{\"@type\":\"SearchAction\",\"target\":{\"@type\":\"EntryPoint\",\"urlTemplate\":\"https:\/\/cancoppas.com\/fr\/?s={search_term_string}\"},\"query-input\":\"required name=search_term_string\"}],\"inLanguage\":\"fr-FR\"}]}<\/script>\n<!-- \/ Yoast SEO plugin. -->","yoast_head_json":{"title":"MyLevel - Cancoppas","description":"Mission Communications suivi des surcharges et des d\u00e9bordements des regards - Les flotteurs bascul\u00e9s par les surcharges et les niveaux \u00e9lev\u00e9s signalent aux serveurs de Mission de lancer des notifications par le biais de plusieurs m\u00e9thodes.","robots":{"index":"index","follow":"follow","max-snippet":"max-snippet:-1","max-image-preview":"max-image-preview:large","max-video-preview":"max-video-preview:-1"},"canonical":"https:\/\/cancoppas.com\/fr\/products\/mylevel\/","og_locale":"fr_FR","og_type":"article","og_title":"MyLevel - Cancoppas","og_description":"Mission Communications suivi des surcharges et des d\u00e9bordements des regards - Les flotteurs bascul\u00e9s par les surcharges et les niveaux \u00e9lev\u00e9s signalent aux serveurs de Mission de lancer des notifications par le biais de plusieurs m\u00e9thodes.","og_url":"https:\/\/cancoppas.com\/fr\/products\/mylevel\/","og_site_name":"Cancoppas","article_modified_time":"2026-01-08T19:13:28+00:00","og_image":[{"width":459,"height":459,"url":"https:\/\/cancoppas.com\/wp-content\/uploads\/2022\/09\/MyLevel-Float.png","type":"image\/png"}],"twitter_card":"summary_large_image","twitter_misc":{"Dur\u00e9e de lecture estim\u00e9e":"1 minute"},"schema":{"@context":"https:\/\/schema.org","@graph":[{"@type":"WebPage","@id":"https:\/\/cancoppas.com\/fr\/products\/mylevel\/","url":"https:\/\/cancoppas.com\/fr\/products\/mylevel\/","name":"MyLevel - Cancoppas","isPartOf":{"@id":"https:\/\/cancoppas.com\/fr\/#website"},"datePublished":"2022-09-19T00:22:43+00:00","dateModified":"2026-01-08T19:13:28+00:00","description":"Mission Communications suivi des surcharges et des d\u00e9bordements des regards - Les flotteurs bascul\u00e9s par les surcharges et les niveaux \u00e9lev\u00e9s signalent aux serveurs de Mission de lancer des notifications par le biais de plusieurs m\u00e9thodes.","breadcrumb":{"@id":"https:\/\/cancoppas.com\/fr\/products\/mylevel\/#breadcrumb"},"inLanguage":"fr-FR","potentialAction":[{"@type":"ReadAction","target":["https:\/\/cancoppas.com\/fr\/products\/mylevel\/"]}]},{"@type":"BreadcrumbList","@id":"https:\/\/cancoppas.com\/fr\/products\/mylevel\/#breadcrumb","itemListElement":[{"@type":"ListItem","position":1,"name":"Home","item":"https:\/\/cancoppas.com\/fr\/"},{"@type":"ListItem","position":2,"name":"Boutique","item":"https:\/\/cancoppas.com\/shop\/"},{"@type":"ListItem","position":3,"name":"MyLevel"}]},{"@type":"WebSite","@id":"https:\/\/cancoppas.com\/fr\/#website","url":"https:\/\/cancoppas.com\/fr\/","name":"Cancoppas","description":"Cancoppas Process Solutions","potentialAction":[{"@type":"SearchAction","target":{"@type":"EntryPoint","urlTemplate":"https:\/\/cancoppas.com\/fr\/?s={search_term_string}"},"query-input":"required name=search_term_string"}],"inLanguage":"fr-FR"}]}},"_links":{"self":[{"href":"https:\/\/cancoppas.com\/fr\/wp-json\/wp\/v2\/product\/5319","targetHints":{"allow":["GET"]}}],"collection":[{"href":"https:\/\/cancoppas.com\/fr\/wp-json\/wp\/v2\/product"}],"about":[{"href":"https:\/\/cancoppas.com\/fr\/wp-json\/wp\/v2\/types\/product"}],"wp:featuredmedia":[{"embeddable":true,"href":"https:\/\/cancoppas.com\/fr\/wp-json\/wp\/v2\/media\/5107"}],"wp:attachment":[{"href":"https:\/\/cancoppas.com\/fr\/wp-json\/wp\/v2\/media?parent=5319"}],"wp:term":[{"taxonomy":"product_cat","embeddable":true,"href":"https:\/\/cancoppas.com\/fr\/wp-json\/wp\/v2\/product_cat?post=5319"},{"taxonomy":"product_tag","embeddable":true,"href":"https:\/\/cancoppas.com\/fr\/wp-json\/wp\/v2\/product_tag?post=5319"}],"curies":[{"name":"wp","href":"https:\/\/api.w.org\/{rel}","templated":true}]}}