{"id":5300,"date":"2022-09-19T04:47:17","date_gmt":"2022-09-19T04:47:17","guid":{"rendered":"https:\/\/cancoppas.com\/products\/airbrator\/"},"modified":"2024-10-21T14:06:44","modified_gmt":"2024-10-21T14:06:44","slug":"airbrator","status":"publish","type":"product","link":"https:\/\/cancoppas.com\/fr\/products\/airbrator\/","title":{"rendered":"Airbrator"},"content":{"rendered":"","protected":false},"excerpt":{"rendered":"<p>Gr\u00e2ce \u00e0 la combinaison de l&rsquo;a\u00e9ration et de la vibration, Airbrator de BinMaster aide \u00e0 r\u00e9soudre les applications les plus difficiles en mati\u00e8re de d\u00e9bit de mat\u00e9riaux. Sa conception sp\u00e9ciale cr\u00e9e une vibration lorsque l&rsquo;air circule entre la botte du coussin Airbrator et la paroi du silo. Appropri\u00e9 pour une utilisation dans n&rsquo;importe quel type de bac ou de silo, Airbrator est extr\u00eamement \u00e9conomique, facile \u00e0 installer, de construction durable et autonettoyant. L&rsquo;Airbrator est une aide \u00e0 l&rsquo;\u00e9coulement tr\u00e8s efficace pour de nombreux types de mat\u00e9riaux secs tels que les cendres volantes, le ciment, la farine, la chaux, les sables et le sel &#8211; ainsi que de nombreux autres mat\u00e9riaux solides en vrac granulaires ou pulv\u00e9rulents difficiles &#8211; et peut m\u00eame \u00eatre utilis\u00e9 avec des mat\u00e9riaux abrasifs. L&rsquo;Airbrator est dot\u00e9 d&rsquo;un arbre en acier inoxydable et peut \u00eatre utilis\u00e9 dans des applications alimentaires. Autre avantage, les tampons Airbrator n&rsquo;ont pas besoin d&rsquo;une pression d&rsquo;air sp\u00e9cifique pour fonctionner. Il peut utiliser de l&rsquo;air souffl\u00e9 \u00e0 haute ou basse pression, de 5 PSIG \u00e0 60 PSIG.<\/p>\n","protected":false},"featured_media":4126,"template":"","meta":{"_acf_changed":false},"product_cat":[214,210],"product_tag":[],"class_list":{"0":"post-5300","1":"product","2":"type-product","3":"status-publish","4":"has-post-thumbnail","6":"product_cat-aeration-fr","7":"product_cat-accessoires","9":"first","10":"instock","11":"shipping-taxable","12":"product-type-simple"},"acf":[],"yoast_head":"<!-- This site is optimized with the Yoast SEO plugin v22.0 - https:\/\/yoast.com\/wordpress\/plugins\/seo\/ -->\n<title>Airbrator - Cancoppas<\/title>\n<meta name=\"description\" content=\"L&#039;Airbrator de BinMaster est un fluidificateur de mat\u00e9riaux qui utilise \u00e0 la fois l&#039;a\u00e9ration et la vibration, et qui est autonettoyant. Il vibre lorsque l&#039;air circule entre l&#039;Airbrator et la paroi du bac.\" \/>\n<meta name=\"robots\" content=\"index, follow, max-snippet:-1, max-image-preview:large, max-video-preview:-1\" \/>\n<link rel=\"canonical\" href=\"https:\/\/cancoppas.com\/fr\/products\/airbrator\/\" \/>\n<meta property=\"og:locale\" content=\"fr_FR\" \/>\n<meta property=\"og:type\" content=\"article\" \/>\n<meta property=\"og:title\" content=\"Airbrator - Cancoppas\" \/>\n<meta property=\"og:description\" content=\"L&#039;Airbrator de BinMaster est un fluidificateur de mat\u00e9riaux qui utilise \u00e0 la fois l&#039;a\u00e9ration et la vibration, et qui est autonettoyant. Il vibre lorsque l&#039;air circule entre l&#039;Airbrator et la paroi du bac.\" \/>\n<meta property=\"og:url\" content=\"https:\/\/cancoppas.com\/fr\/products\/airbrator\/\" \/>\n<meta property=\"og:site_name\" content=\"Cancoppas\" \/>\n<meta property=\"article:modified_time\" content=\"2024-10-21T14:06:44+00:00\" \/>\n<meta property=\"og:image\" content=\"https:\/\/cancoppas.com\/wp-content\/uploads\/2022\/09\/Airbrator.jpg\" \/>\n\t<meta property=\"og:image:width\" content=\"179\" \/>\n\t<meta property=\"og:image:height\" content=\"175\" \/>\n\t<meta property=\"og:image:type\" content=\"image\/jpeg\" \/>\n<meta name=\"twitter:card\" content=\"summary_large_image\" \/>\n<meta name=\"twitter:label1\" content=\"Dur\u00e9e de lecture estim\u00e9e\" \/>\n\t<meta name=\"twitter:data1\" content=\"1 minute\" \/>\n<script type=\"application\/ld+json\" class=\"yoast-schema-graph\">{\"@context\":\"https:\/\/schema.org\",\"@graph\":[{\"@type\":\"WebPage\",\"@id\":\"https:\/\/cancoppas.com\/fr\/products\/airbrator\/\",\"url\":\"https:\/\/cancoppas.com\/fr\/products\/airbrator\/\",\"name\":\"Airbrator - Cancoppas\",\"isPartOf\":{\"@id\":\"https:\/\/cancoppas.com\/fr\/#website\"},\"datePublished\":\"2022-09-19T04:47:17+00:00\",\"dateModified\":\"2024-10-21T14:06:44+00:00\",\"description\":\"L'Airbrator de BinMaster est un fluidificateur de mat\u00e9riaux qui utilise \u00e0 la fois l'a\u00e9ration et la vibration, et qui est autonettoyant. Il vibre lorsque l'air circule entre l'Airbrator et la paroi du bac.\",\"breadcrumb\":{\"@id\":\"https:\/\/cancoppas.com\/fr\/products\/airbrator\/#breadcrumb\"},\"inLanguage\":\"fr-FR\",\"potentialAction\":[{\"@type\":\"ReadAction\",\"target\":[\"https:\/\/cancoppas.com\/fr\/products\/airbrator\/\"]}]},{\"@type\":\"BreadcrumbList\",\"@id\":\"https:\/\/cancoppas.com\/fr\/products\/airbrator\/#breadcrumb\",\"itemListElement\":[{\"@type\":\"ListItem\",\"position\":1,\"name\":\"Home\",\"item\":\"https:\/\/cancoppas.com\/fr\/\"},{\"@type\":\"ListItem\",\"position\":2,\"name\":\"Boutique\",\"item\":\"https:\/\/cancoppas.com\/shop\/\"},{\"@type\":\"ListItem\",\"position\":3,\"name\":\"Airbrator\"}]},{\"@type\":\"WebSite\",\"@id\":\"https:\/\/cancoppas.com\/fr\/#website\",\"url\":\"https:\/\/cancoppas.com\/fr\/\",\"name\":\"Cancoppas\",\"description\":\"Cancoppas Process Solutions\",\"potentialAction\":[{\"@type\":\"SearchAction\",\"target\":{\"@type\":\"EntryPoint\",\"urlTemplate\":\"https:\/\/cancoppas.com\/fr\/?s={search_term_string}\"},\"query-input\":\"required name=search_term_string\"}],\"inLanguage\":\"fr-FR\"}]}<\/script>\n<!-- \/ Yoast SEO plugin. -->","yoast_head_json":{"title":"Airbrator - Cancoppas","description":"L'Airbrator de BinMaster est un fluidificateur de mat\u00e9riaux qui utilise \u00e0 la fois l'a\u00e9ration et la vibration, et qui est autonettoyant. Il vibre lorsque l'air circule entre l'Airbrator et la paroi du bac.","robots":{"index":"index","follow":"follow","max-snippet":"max-snippet:-1","max-image-preview":"max-image-preview:large","max-video-preview":"max-video-preview:-1"},"canonical":"https:\/\/cancoppas.com\/fr\/products\/airbrator\/","og_locale":"fr_FR","og_type":"article","og_title":"Airbrator - Cancoppas","og_description":"L'Airbrator de BinMaster est un fluidificateur de mat\u00e9riaux qui utilise \u00e0 la fois l'a\u00e9ration et la vibration, et qui est autonettoyant. Il vibre lorsque l'air circule entre l'Airbrator et la paroi du bac.","og_url":"https:\/\/cancoppas.com\/fr\/products\/airbrator\/","og_site_name":"Cancoppas","article_modified_time":"2024-10-21T14:06:44+00:00","og_image":[{"width":179,"height":175,"url":"https:\/\/cancoppas.com\/wp-content\/uploads\/2022\/09\/Airbrator.jpg","type":"image\/jpeg"}],"twitter_card":"summary_large_image","twitter_misc":{"Dur\u00e9e de lecture estim\u00e9e":"1 minute"},"schema":{"@context":"https:\/\/schema.org","@graph":[{"@type":"WebPage","@id":"https:\/\/cancoppas.com\/fr\/products\/airbrator\/","url":"https:\/\/cancoppas.com\/fr\/products\/airbrator\/","name":"Airbrator - Cancoppas","isPartOf":{"@id":"https:\/\/cancoppas.com\/fr\/#website"},"datePublished":"2022-09-19T04:47:17+00:00","dateModified":"2024-10-21T14:06:44+00:00","description":"L'Airbrator de BinMaster est un fluidificateur de mat\u00e9riaux qui utilise \u00e0 la fois l'a\u00e9ration et la vibration, et qui est autonettoyant. Il vibre lorsque l'air circule entre l'Airbrator et la paroi du bac.","breadcrumb":{"@id":"https:\/\/cancoppas.com\/fr\/products\/airbrator\/#breadcrumb"},"inLanguage":"fr-FR","potentialAction":[{"@type":"ReadAction","target":["https:\/\/cancoppas.com\/fr\/products\/airbrator\/"]}]},{"@type":"BreadcrumbList","@id":"https:\/\/cancoppas.com\/fr\/products\/airbrator\/#breadcrumb","itemListElement":[{"@type":"ListItem","position":1,"name":"Home","item":"https:\/\/cancoppas.com\/fr\/"},{"@type":"ListItem","position":2,"name":"Boutique","item":"https:\/\/cancoppas.com\/shop\/"},{"@type":"ListItem","position":3,"name":"Airbrator"}]},{"@type":"WebSite","@id":"https:\/\/cancoppas.com\/fr\/#website","url":"https:\/\/cancoppas.com\/fr\/","name":"Cancoppas","description":"Cancoppas Process Solutions","potentialAction":[{"@type":"SearchAction","target":{"@type":"EntryPoint","urlTemplate":"https:\/\/cancoppas.com\/fr\/?s={search_term_string}"},"query-input":"required name=search_term_string"}],"inLanguage":"fr-FR"}]}},"_links":{"self":[{"href":"https:\/\/cancoppas.com\/fr\/wp-json\/wp\/v2\/product\/5300","targetHints":{"allow":["GET"]}}],"collection":[{"href":"https:\/\/cancoppas.com\/fr\/wp-json\/wp\/v2\/product"}],"about":[{"href":"https:\/\/cancoppas.com\/fr\/wp-json\/wp\/v2\/types\/product"}],"wp:featuredmedia":[{"embeddable":true,"href":"https:\/\/cancoppas.com\/fr\/wp-json\/wp\/v2\/media\/4126"}],"wp:attachment":[{"href":"https:\/\/cancoppas.com\/fr\/wp-json\/wp\/v2\/media?parent=5300"}],"wp:term":[{"taxonomy":"product_cat","embeddable":true,"href":"https:\/\/cancoppas.com\/fr\/wp-json\/wp\/v2\/product_cat?post=5300"},{"taxonomy":"product_tag","embeddable":true,"href":"https:\/\/cancoppas.com\/fr\/wp-json\/wp\/v2\/product_tag?post=5300"}],"curies":[{"name":"wp","href":"https:\/\/api.w.org\/{rel}","templated":true}]}}