{"id":5286,"date":"2022-09-22T00:10:57","date_gmt":"2022-09-22T00:10:57","guid":{"rendered":"https:\/\/cancoppas.com\/products\/console-de-controle-pour-smartbob-ii-et-capteurs-radar\/"},"modified":"2024-10-21T17:25:41","modified_gmt":"2024-10-21T17:25:41","slug":"console-de-controle-pour-smartbob-ii-et-capteurs-radar","status":"publish","type":"product","link":"https:\/\/cancoppas.com\/fr\/products\/console-de-controle-pour-smartbob-ii-et-capteurs-radar\/","title":{"rendered":"Console de contr\u00f4le pour SmartBob II et..."},"content":{"rendered":"","protected":false},"excerpt":{"rendered":"<p>La console C-100 de BinMaster est le moyen le plus simple de lancer et de visualiser \u00e0 distance les mesures de plusieurs capteurs SmartBob II ou Radar. Cette console compacte, \u00e0 commande manuelle, permet d&rsquo;obtenir rapidement des mesures \u00e0 partir d&rsquo;un \u00e0 120 capteurs distants en un seul endroit &#8230; en appuyant sur un bouton. La console peut \u00eatre utilis\u00e9e seule ou int\u00e9gr\u00e9e dans un r\u00e9seau \u00e0 l&rsquo;aide du logiciel eBob. Elle permet un contr\u00f4le local de base et la surveillance d&rsquo;un seul capteur \u00e0 distance ou d&rsquo;un r\u00e9seau allant jusqu&rsquo;\u00e0 120 capteurs \u00e0 distance sur un site en r\u00e9seau. Les param\u00e8tres individuels des bacs sont programm\u00e9s dans la console et les mesures sont affich\u00e9es sous forme de distance par rapport au produit, de hauteur du produit, de pourcentage de remplissage et de poids. La fonction d&rsquo;affichage du poids est d\u00e9riv\u00e9e d&rsquo;un menu de type assistant pour estimer le poids &#8211; calcul\u00e9 en entrant la forme et les dimensions de la cuve, ainsi que la densit\u00e9 du produit en livres\/pieds3 ou en kg\/m3.<\/p>\n","protected":false},"featured_media":4202,"template":"","meta":{"_acf_changed":false},"product_cat":[250,247,227,229,232],"product_tag":[],"class_list":{"0":"post-5286","1":"product","2":"type-product","3":"status-publish","4":"has-post-thumbnail","6":"product_cat-affichage-controle-de-lot","7":"product_cat-encodeurs-controles-et-affichages","8":"product_cat-radar-cncr-fr","9":"product_cat-radar-ncr-fr","10":"product_cat-smartbob-fr","12":"first","13":"instock","14":"shipping-taxable","15":"product-type-simple"},"acf":[],"yoast_head":"<!-- This site is optimized with the Yoast SEO plugin v22.0 - https:\/\/yoast.com\/wordpress\/plugins\/seo\/ -->\n<title>Console de contr\u00f4le pour SmartBob II et capteurs radar - Cancoppas<\/title>\n<meta name=\"description\" content=\"Console C-100 de BinMaster murale avec \u00e9cran LCD, bo\u00eetier NEMA 4X. La configuration des silo et les param\u00e8tres de l&#039;utilisateur sont stock\u00e9s dans une m\u00e9moire non volatile et conserv\u00e9s en cas de panne de courant.\" \/>\n<meta name=\"robots\" content=\"index, follow, max-snippet:-1, max-image-preview:large, max-video-preview:-1\" \/>\n<link rel=\"canonical\" href=\"https:\/\/cancoppas.com\/fr\/products\/console-de-controle-pour-smartbob-ii-et-capteurs-radar\/\" \/>\n<meta property=\"og:locale\" content=\"fr_FR\" \/>\n<meta property=\"og:type\" content=\"article\" \/>\n<meta property=\"og:title\" content=\"Console de contr\u00f4le pour SmartBob II et capteurs radar - Cancoppas\" \/>\n<meta property=\"og:description\" content=\"Console C-100 de BinMaster murale avec \u00e9cran LCD, bo\u00eetier NEMA 4X. La configuration des silo et les param\u00e8tres de l&#039;utilisateur sont stock\u00e9s dans une m\u00e9moire non volatile et conserv\u00e9s en cas de panne de courant.\" \/>\n<meta property=\"og:url\" content=\"https:\/\/cancoppas.com\/fr\/products\/console-de-controle-pour-smartbob-ii-et-capteurs-radar\/\" \/>\n<meta property=\"og:site_name\" content=\"Cancoppas\" \/>\n<meta property=\"article:modified_time\" content=\"2024-10-21T17:25:41+00:00\" \/>\n<meta property=\"og:image\" content=\"https:\/\/cancoppas.com\/wp-content\/uploads\/2022\/09\/CAN_C-100-Control-Consol.jpg\" \/>\n\t<meta property=\"og:image:width\" content=\"500\" \/>\n\t<meta property=\"og:image:height\" content=\"500\" \/>\n\t<meta property=\"og:image:type\" content=\"image\/jpeg\" \/>\n<meta name=\"twitter:card\" content=\"summary_large_image\" \/>\n<meta name=\"twitter:label1\" content=\"Dur\u00e9e de lecture estim\u00e9e\" \/>\n\t<meta name=\"twitter:data1\" content=\"1 minute\" \/>\n<script type=\"application\/ld+json\" class=\"yoast-schema-graph\">{\"@context\":\"https:\/\/schema.org\",\"@graph\":[{\"@type\":\"WebPage\",\"@id\":\"https:\/\/cancoppas.com\/fr\/products\/console-de-controle-pour-smartbob-ii-et-capteurs-radar\/\",\"url\":\"https:\/\/cancoppas.com\/fr\/products\/console-de-controle-pour-smartbob-ii-et-capteurs-radar\/\",\"name\":\"Console de contr\u00f4le pour SmartBob II et capteurs radar - Cancoppas\",\"isPartOf\":{\"@id\":\"https:\/\/cancoppas.com\/fr\/#website\"},\"datePublished\":\"2022-09-22T00:10:57+00:00\",\"dateModified\":\"2024-10-21T17:25:41+00:00\",\"description\":\"Console C-100 de BinMaster murale avec \u00e9cran LCD, bo\u00eetier NEMA 4X. La configuration des silo et les param\u00e8tres de l'utilisateur sont stock\u00e9s dans une m\u00e9moire non volatile et conserv\u00e9s en cas de panne de courant.\",\"breadcrumb\":{\"@id\":\"https:\/\/cancoppas.com\/fr\/products\/console-de-controle-pour-smartbob-ii-et-capteurs-radar\/#breadcrumb\"},\"inLanguage\":\"fr-FR\",\"potentialAction\":[{\"@type\":\"ReadAction\",\"target\":[\"https:\/\/cancoppas.com\/fr\/products\/console-de-controle-pour-smartbob-ii-et-capteurs-radar\/\"]}]},{\"@type\":\"BreadcrumbList\",\"@id\":\"https:\/\/cancoppas.com\/fr\/products\/console-de-controle-pour-smartbob-ii-et-capteurs-radar\/#breadcrumb\",\"itemListElement\":[{\"@type\":\"ListItem\",\"position\":1,\"name\":\"Home\",\"item\":\"https:\/\/cancoppas.com\/fr\/\"},{\"@type\":\"ListItem\",\"position\":2,\"name\":\"Boutique\",\"item\":\"https:\/\/cancoppas.com\/shop\/\"},{\"@type\":\"ListItem\",\"position\":3,\"name\":\"Console de contr\u00f4le pour SmartBob II et...\"}]},{\"@type\":\"WebSite\",\"@id\":\"https:\/\/cancoppas.com\/fr\/#website\",\"url\":\"https:\/\/cancoppas.com\/fr\/\",\"name\":\"Cancoppas\",\"description\":\"Cancoppas Process Solutions\",\"potentialAction\":[{\"@type\":\"SearchAction\",\"target\":{\"@type\":\"EntryPoint\",\"urlTemplate\":\"https:\/\/cancoppas.com\/fr\/?s={search_term_string}\"},\"query-input\":\"required name=search_term_string\"}],\"inLanguage\":\"fr-FR\"}]}<\/script>\n<!-- \/ Yoast SEO plugin. -->","yoast_head_json":{"title":"Console de contr\u00f4le pour SmartBob II et capteurs radar - Cancoppas","description":"Console C-100 de BinMaster murale avec \u00e9cran LCD, bo\u00eetier NEMA 4X. La configuration des silo et les param\u00e8tres de l'utilisateur sont stock\u00e9s dans une m\u00e9moire non volatile et conserv\u00e9s en cas de panne de courant.","robots":{"index":"index","follow":"follow","max-snippet":"max-snippet:-1","max-image-preview":"max-image-preview:large","max-video-preview":"max-video-preview:-1"},"canonical":"https:\/\/cancoppas.com\/fr\/products\/console-de-controle-pour-smartbob-ii-et-capteurs-radar\/","og_locale":"fr_FR","og_type":"article","og_title":"Console de contr\u00f4le pour SmartBob II et capteurs radar - Cancoppas","og_description":"Console C-100 de BinMaster murale avec \u00e9cran LCD, bo\u00eetier NEMA 4X. La configuration des silo et les param\u00e8tres de l'utilisateur sont stock\u00e9s dans une m\u00e9moire non volatile et conserv\u00e9s en cas de panne de courant.","og_url":"https:\/\/cancoppas.com\/fr\/products\/console-de-controle-pour-smartbob-ii-et-capteurs-radar\/","og_site_name":"Cancoppas","article_modified_time":"2024-10-21T17:25:41+00:00","og_image":[{"width":500,"height":500,"url":"https:\/\/cancoppas.com\/wp-content\/uploads\/2022\/09\/CAN_C-100-Control-Consol.jpg","type":"image\/jpeg"}],"twitter_card":"summary_large_image","twitter_misc":{"Dur\u00e9e de lecture estim\u00e9e":"1 minute"},"schema":{"@context":"https:\/\/schema.org","@graph":[{"@type":"WebPage","@id":"https:\/\/cancoppas.com\/fr\/products\/console-de-controle-pour-smartbob-ii-et-capteurs-radar\/","url":"https:\/\/cancoppas.com\/fr\/products\/console-de-controle-pour-smartbob-ii-et-capteurs-radar\/","name":"Console de contr\u00f4le pour SmartBob II et capteurs radar - Cancoppas","isPartOf":{"@id":"https:\/\/cancoppas.com\/fr\/#website"},"datePublished":"2022-09-22T00:10:57+00:00","dateModified":"2024-10-21T17:25:41+00:00","description":"Console C-100 de BinMaster murale avec \u00e9cran LCD, bo\u00eetier NEMA 4X. La configuration des silo et les param\u00e8tres de l'utilisateur sont stock\u00e9s dans une m\u00e9moire non volatile et conserv\u00e9s en cas de panne de courant.","breadcrumb":{"@id":"https:\/\/cancoppas.com\/fr\/products\/console-de-controle-pour-smartbob-ii-et-capteurs-radar\/#breadcrumb"},"inLanguage":"fr-FR","potentialAction":[{"@type":"ReadAction","target":["https:\/\/cancoppas.com\/fr\/products\/console-de-controle-pour-smartbob-ii-et-capteurs-radar\/"]}]},{"@type":"BreadcrumbList","@id":"https:\/\/cancoppas.com\/fr\/products\/console-de-controle-pour-smartbob-ii-et-capteurs-radar\/#breadcrumb","itemListElement":[{"@type":"ListItem","position":1,"name":"Home","item":"https:\/\/cancoppas.com\/fr\/"},{"@type":"ListItem","position":2,"name":"Boutique","item":"https:\/\/cancoppas.com\/shop\/"},{"@type":"ListItem","position":3,"name":"Console de contr\u00f4le pour SmartBob II et..."}]},{"@type":"WebSite","@id":"https:\/\/cancoppas.com\/fr\/#website","url":"https:\/\/cancoppas.com\/fr\/","name":"Cancoppas","description":"Cancoppas Process Solutions","potentialAction":[{"@type":"SearchAction","target":{"@type":"EntryPoint","urlTemplate":"https:\/\/cancoppas.com\/fr\/?s={search_term_string}"},"query-input":"required name=search_term_string"}],"inLanguage":"fr-FR"}]}},"_links":{"self":[{"href":"https:\/\/cancoppas.com\/fr\/wp-json\/wp\/v2\/product\/5286","targetHints":{"allow":["GET"]}}],"collection":[{"href":"https:\/\/cancoppas.com\/fr\/wp-json\/wp\/v2\/product"}],"about":[{"href":"https:\/\/cancoppas.com\/fr\/wp-json\/wp\/v2\/types\/product"}],"wp:featuredmedia":[{"embeddable":true,"href":"https:\/\/cancoppas.com\/fr\/wp-json\/wp\/v2\/media\/4202"}],"wp:attachment":[{"href":"https:\/\/cancoppas.com\/fr\/wp-json\/wp\/v2\/media?parent=5286"}],"wp:term":[{"taxonomy":"product_cat","embeddable":true,"href":"https:\/\/cancoppas.com\/fr\/wp-json\/wp\/v2\/product_cat?post=5286"},{"taxonomy":"product_tag","embeddable":true,"href":"https:\/\/cancoppas.com\/fr\/wp-json\/wp\/v2\/product_tag?post=5286"}],"curies":[{"name":"wp","href":"https:\/\/api.w.org\/{rel}","templated":true}]}}