{"id":6187,"date":"2025-06-17T13:46:04","date_gmt":"2025-06-17T13:46:04","guid":{"rendered":"https:\/\/cancoppas.com\/pieces-finies-3d-a-cnc\/"},"modified":"2025-06-17T15:26:41","modified_gmt":"2025-06-17T15:26:41","slug":"du-3d-au-produit-fini-cnc","status":"publish","type":"page","link":"https:\/\/cancoppas.com\/fr\/du-3d-au-produit-fini-cnc\/","title":{"rendered":"Du 3D au produit fini CNC"},"content":{"rendered":"<p>Chez Cancoppas, nous sommes fiers d&rsquo;\u00eatre les leaders de l&rsquo;industrie en mati\u00e8re d&rsquo;int\u00e9gration de vannes. En tant que distributeur principal des positionneurs de vannes PMV, nous avons d\u00e9velopp\u00e9 une grande expertise dans la fourniture d&rsquo;assemblages de vannes automatis\u00e9s complets. Cela comprend le montage et l&rsquo;int\u00e9gration pr\u00e9cis de positionneurs et d&rsquo;actionneurs pour r\u00e9pondre \u00e0 une large gamme d&rsquo;exigences d&rsquo;application.<\/p>\n<p>Le projet d\u00e9crit ci-dessous est un exemple de kit de montage personnalis\u00e9 d\u00e9velopp\u00e9 pour un ensemble de vannes fourni par l&rsquo;un de nos clients :<\/p>\n<p>\u00c0 l&rsquo;aide d&rsquo;Autodesk Inventor, nous avons cr\u00e9\u00e9 un mod\u00e8le 3D d\u00e9taill\u00e9 de l&rsquo;actionneur et de l&rsquo;ensemble de la vanne. Pour valider la conception, nous avons produit un prototype en plastique en utilisant l&rsquo;impression 3D interne. Apr\u00e8s avoir v\u00e9rifi\u00e9 avec succ\u00e8s les dimensions et l&rsquo;ajustement, nous avons usin\u00e9 en interne, par commande num\u00e9rique (CNC) , lles blocs de montage personnalis\u00e9s et fabriqu\u00e9 les composants de liaison n\u00e9cessaires. Nous avons ensuite assembl\u00e9 le syst\u00e8me avec un positionneur num\u00e9rique PMV D30, en terminant la configuration et l&rsquo;\u00e9talonnage en interne.<\/p>\n<p>L&rsquo;ensemble final fonctionne avec une pression d&rsquo;alimentation r\u00e9gul\u00e9e de 20 \u00e0 35 PSIG et module la position de la vanne de l&rsquo;ouverture compl\u00e8te \u00e0 la fermeture compl\u00e8te via un signal de commande de 4 \u00e0 20 mA.<\/p>\n<p>Cancoppas propose des solutions de montage sur mesure adapt\u00e9es \u00e0 des besoins sp\u00e9cifiques, soutenues par une gamme compl\u00e8te de kits de montage standard compatibles avec une grande vari\u00e9t\u00e9 de types d&rsquo;actionneurs.<\/p>\n<p>N&rsquo;h\u00e9sitez pas \u00e0 nous contacter si vous souhaitez obtenir des informations suppl\u00e9mentaires ou discuter d&rsquo;une application sp\u00e9cifique.<\/p>\n<p><img loading=\"lazy\" decoding=\"async\" class=\"alignnone size-medium wp-image-6155\" src=\"https:\/\/cancoppas.com\/wp-content\/uploads\/2025\/06\/3D-Model-Mounting-Kit-Design-192x300.png\" alt=\"Kit de montage du mod\u00e8le 3D pour PMV\" width=\"192\" height=\"300\" \/> <img loading=\"lazy\" decoding=\"async\" class=\"alignnone size-medium wp-image-6157\" src=\"https:\/\/cancoppas.com\/wp-content\/uploads\/2025\/06\/3D-Printed-Test-Blocks-Siemans-300x222.png\" alt=\"Blocs d'essai imprim\u00e9s en 3D\" width=\"300\" height=\"222\" srcset=\"https:\/\/cancoppas.com\/wp-content\/uploads\/2025\/06\/3D-Printed-Test-Blocks-Siemans-300x222.png 300w, https:\/\/cancoppas.com\/wp-content\/uploads\/2025\/06\/3D-Printed-Test-Blocks-Siemans-1024x757.png 1024w, https:\/\/cancoppas.com\/wp-content\/uploads\/2025\/06\/3D-Printed-Test-Blocks-Siemans-150x111.png 150w, https:\/\/cancoppas.com\/wp-content\/uploads\/2025\/06\/3D-Printed-Test-Blocks-Siemans-768x568.png 768w, https:\/\/cancoppas.com\/wp-content\/uploads\/2025\/06\/3D-Printed-Test-Blocks-Siemans-600x443.png 600w, https:\/\/cancoppas.com\/wp-content\/uploads\/2025\/06\/3D-Printed-Test-Blocks-Siemans.png 1422w\" sizes=\"auto, (max-width: 300px) 100vw, 300px\" \/> <img loading=\"lazy\" decoding=\"async\" class=\"alignnone size-medium wp-image-6161\" src=\"https:\/\/cancoppas.com\/wp-content\/uploads\/2025\/06\/D30_Siemans-Spring-Return-1-e1750094147534-155x300.png\" alt=\"3D Siemans Spring Return\" width=\"155\" height=\"300\" srcset=\"https:\/\/cancoppas.com\/wp-content\/uploads\/2025\/06\/D30_Siemans-Spring-Return-1-e1750094147534-155x300.png 155w, https:\/\/cancoppas.com\/wp-content\/uploads\/2025\/06\/D30_Siemans-Spring-Return-1-e1750094147534-530x1024.png 530w, https:\/\/cancoppas.com\/wp-content\/uploads\/2025\/06\/D30_Siemans-Spring-Return-1-e1750094147534-78x150.png 78w, https:\/\/cancoppas.com\/wp-content\/uploads\/2025\/06\/D30_Siemans-Spring-Return-1-e1750094147534-300x580.png 300w, https:\/\/cancoppas.com\/wp-content\/uploads\/2025\/06\/D30_Siemans-Spring-Return-1-e1750094147534-600x1160.png 600w, https:\/\/cancoppas.com\/wp-content\/uploads\/2025\/06\/D30_Siemans-Spring-Return-1-e1750094147534.png 630w\" sizes=\"auto, (max-width: 155px) 100vw, 155px\" \/><\/p>\n","protected":false},"excerpt":{"rendered":"<p>Chez Cancoppas, nous sommes fiers d&rsquo;\u00eatre les leaders de l&rsquo;industrie en mati\u00e8re d&rsquo;int\u00e9gration de vannes. En tant que distributeur principal des positionneurs de vannes PMV, nous avons d\u00e9velopp\u00e9 une grande expertise dans la fourniture d&rsquo;assemblages de vannes automatis\u00e9s complets. Cela comprend le montage et l&rsquo;int\u00e9gration pr\u00e9cis de positionneurs et d&rsquo;actionneurs pour r\u00e9pondre \u00e0 une large [&hellip;]<\/p>\n","protected":false},"author":6,"featured_media":6089,"parent":0,"menu_order":0,"comment_status":"closed","ping_status":"closed","template":"pages\/page-simple.php","meta":{"_acf_changed":false,"footnotes":""},"class_list":["post-6187","page","type-page","status-publish","has-post-thumbnail","hentry"],"acf":[],"yoast_head":"<!-- This site is optimized with the Yoast SEO plugin v22.0 - https:\/\/yoast.com\/wordpress\/plugins\/seo\/ -->\n<title>Du 3D au produit fini CNC - Cancoppas<\/title>\n<meta name=\"description\" content=\"Du 3D aux pi\u00e8ces finies CNC - kit de montage personnalis\u00e9 d\u00e9velopp\u00e9 pour un assemblage de vannes\" \/>\n<meta name=\"robots\" content=\"index, follow, max-snippet:-1, max-image-preview:large, max-video-preview:-1\" \/>\n<link rel=\"canonical\" href=\"https:\/\/cancoppas.com\/fr\/du-3d-au-produit-fini-cnc\/\" \/>\n<meta property=\"og:locale\" content=\"fr_FR\" \/>\n<meta property=\"og:type\" content=\"article\" \/>\n<meta property=\"og:title\" content=\"Du 3D au produit fini CNC - Cancoppas\" \/>\n<meta property=\"og:description\" content=\"Du 3D aux pi\u00e8ces finies CNC - kit de montage personnalis\u00e9 d\u00e9velopp\u00e9 pour un assemblage de vannes\" \/>\n<meta property=\"og:url\" content=\"https:\/\/cancoppas.com\/fr\/du-3d-au-produit-fini-cnc\/\" \/>\n<meta property=\"og:site_name\" content=\"Cancoppas\" \/>\n<meta property=\"article:modified_time\" content=\"2025-06-17T15:26:41+00:00\" \/>\n<meta property=\"og:image\" content=\"https:\/\/cancoppas.com\/wp-content\/uploads\/2025\/03\/ScreenHunter-2306-Mar.-18-13.21.jpg\" \/>\n\t<meta property=\"og:image:width\" content=\"225\" \/>\n\t<meta property=\"og:image:height\" content=\"275\" \/>\n\t<meta property=\"og:image:type\" content=\"image\/jpeg\" \/>\n<meta name=\"twitter:card\" content=\"summary_large_image\" \/>\n<meta name=\"twitter:label1\" content=\"Dur\u00e9e de lecture estim\u00e9e\" \/>\n\t<meta name=\"twitter:data1\" content=\"2 minutes\" \/>\n<script type=\"application\/ld+json\" class=\"yoast-schema-graph\">{\"@context\":\"https:\/\/schema.org\",\"@graph\":[{\"@type\":\"WebPage\",\"@id\":\"https:\/\/cancoppas.com\/fr\/du-3d-au-produit-fini-cnc\/\",\"url\":\"https:\/\/cancoppas.com\/fr\/du-3d-au-produit-fini-cnc\/\",\"name\":\"Du 3D au produit fini CNC - Cancoppas\",\"isPartOf\":{\"@id\":\"https:\/\/cancoppas.com\/fr\/#website\"},\"datePublished\":\"2025-06-17T13:46:04+00:00\",\"dateModified\":\"2025-06-17T15:26:41+00:00\",\"description\":\"Du 3D aux pi\u00e8ces finies CNC - kit de montage personnalis\u00e9 d\u00e9velopp\u00e9 pour un assemblage de vannes\",\"breadcrumb\":{\"@id\":\"https:\/\/cancoppas.com\/fr\/du-3d-au-produit-fini-cnc\/#breadcrumb\"},\"inLanguage\":\"fr-FR\",\"potentialAction\":[{\"@type\":\"ReadAction\",\"target\":[\"https:\/\/cancoppas.com\/fr\/du-3d-au-produit-fini-cnc\/\"]}]},{\"@type\":\"BreadcrumbList\",\"@id\":\"https:\/\/cancoppas.com\/fr\/du-3d-au-produit-fini-cnc\/#breadcrumb\",\"itemListElement\":[{\"@type\":\"ListItem\",\"position\":1,\"name\":\"Home\",\"item\":\"https:\/\/cancoppas.com\/fr\/\"},{\"@type\":\"ListItem\",\"position\":2,\"name\":\"Du 3D au produit fini CNC\"}]},{\"@type\":\"WebSite\",\"@id\":\"https:\/\/cancoppas.com\/fr\/#website\",\"url\":\"https:\/\/cancoppas.com\/fr\/\",\"name\":\"Cancoppas\",\"description\":\"Cancoppas Process Solutions\",\"potentialAction\":[{\"@type\":\"SearchAction\",\"target\":{\"@type\":\"EntryPoint\",\"urlTemplate\":\"https:\/\/cancoppas.com\/fr\/?s={search_term_string}\"},\"query-input\":\"required name=search_term_string\"}],\"inLanguage\":\"fr-FR\"}]}<\/script>\n<!-- \/ Yoast SEO plugin. -->","yoast_head_json":{"title":"Du 3D au produit fini CNC - Cancoppas","description":"Du 3D aux pi\u00e8ces finies CNC - kit de montage personnalis\u00e9 d\u00e9velopp\u00e9 pour un assemblage de vannes","robots":{"index":"index","follow":"follow","max-snippet":"max-snippet:-1","max-image-preview":"max-image-preview:large","max-video-preview":"max-video-preview:-1"},"canonical":"https:\/\/cancoppas.com\/fr\/du-3d-au-produit-fini-cnc\/","og_locale":"fr_FR","og_type":"article","og_title":"Du 3D au produit fini CNC - Cancoppas","og_description":"Du 3D aux pi\u00e8ces finies CNC - kit de montage personnalis\u00e9 d\u00e9velopp\u00e9 pour un assemblage de vannes","og_url":"https:\/\/cancoppas.com\/fr\/du-3d-au-produit-fini-cnc\/","og_site_name":"Cancoppas","article_modified_time":"2025-06-17T15:26:41+00:00","og_image":[{"width":225,"height":275,"url":"https:\/\/cancoppas.com\/wp-content\/uploads\/2025\/03\/ScreenHunter-2306-Mar.-18-13.21.jpg","type":"image\/jpeg"}],"twitter_card":"summary_large_image","twitter_misc":{"Dur\u00e9e de lecture estim\u00e9e":"2 minutes"},"schema":{"@context":"https:\/\/schema.org","@graph":[{"@type":"WebPage","@id":"https:\/\/cancoppas.com\/fr\/du-3d-au-produit-fini-cnc\/","url":"https:\/\/cancoppas.com\/fr\/du-3d-au-produit-fini-cnc\/","name":"Du 3D au produit fini CNC - Cancoppas","isPartOf":{"@id":"https:\/\/cancoppas.com\/fr\/#website"},"datePublished":"2025-06-17T13:46:04+00:00","dateModified":"2025-06-17T15:26:41+00:00","description":"Du 3D aux pi\u00e8ces finies CNC - kit de montage personnalis\u00e9 d\u00e9velopp\u00e9 pour un assemblage de vannes","breadcrumb":{"@id":"https:\/\/cancoppas.com\/fr\/du-3d-au-produit-fini-cnc\/#breadcrumb"},"inLanguage":"fr-FR","potentialAction":[{"@type":"ReadAction","target":["https:\/\/cancoppas.com\/fr\/du-3d-au-produit-fini-cnc\/"]}]},{"@type":"BreadcrumbList","@id":"https:\/\/cancoppas.com\/fr\/du-3d-au-produit-fini-cnc\/#breadcrumb","itemListElement":[{"@type":"ListItem","position":1,"name":"Home","item":"https:\/\/cancoppas.com\/fr\/"},{"@type":"ListItem","position":2,"name":"Du 3D au produit fini CNC"}]},{"@type":"WebSite","@id":"https:\/\/cancoppas.com\/fr\/#website","url":"https:\/\/cancoppas.com\/fr\/","name":"Cancoppas","description":"Cancoppas Process Solutions","potentialAction":[{"@type":"SearchAction","target":{"@type":"EntryPoint","urlTemplate":"https:\/\/cancoppas.com\/fr\/?s={search_term_string}"},"query-input":"required name=search_term_string"}],"inLanguage":"fr-FR"}]}},"_links":{"self":[{"href":"https:\/\/cancoppas.com\/fr\/wp-json\/wp\/v2\/pages\/6187","targetHints":{"allow":["GET"]}}],"collection":[{"href":"https:\/\/cancoppas.com\/fr\/wp-json\/wp\/v2\/pages"}],"about":[{"href":"https:\/\/cancoppas.com\/fr\/wp-json\/wp\/v2\/types\/page"}],"author":[{"embeddable":true,"href":"https:\/\/cancoppas.com\/fr\/wp-json\/wp\/v2\/users\/6"}],"replies":[{"embeddable":true,"href":"https:\/\/cancoppas.com\/fr\/wp-json\/wp\/v2\/comments?post=6187"}],"version-history":[{"count":4,"href":"https:\/\/cancoppas.com\/fr\/wp-json\/wp\/v2\/pages\/6187\/revisions"}],"predecessor-version":[{"id":6195,"href":"https:\/\/cancoppas.com\/fr\/wp-json\/wp\/v2\/pages\/6187\/revisions\/6195"}],"wp:featuredmedia":[{"embeddable":true,"href":"https:\/\/cancoppas.com\/fr\/wp-json\/wp\/v2\/media\/6089"}],"wp:attachment":[{"href":"https:\/\/cancoppas.com\/fr\/wp-json\/wp\/v2\/media?parent=6187"}],"curies":[{"name":"wp","href":"https:\/\/api.w.org\/{rel}","templated":true}]}}